{"id":47163,"date":"2025-06-18T10:51:52","date_gmt":"2025-06-18T10:51:52","guid":{"rendered":"https:\/\/zl.jewelry\/product\/moments-of-memory-pendant\/"},"modified":"2025-09-26T18:23:18","modified_gmt":"2025-09-26T18:23:18","slug":"moments-of-memory-pendant","status":"publish","type":"product","link":"https:\/\/zl.jewelry\/pl\/product\/moments-of-memory-pendant\/","title":{"rendered":"Wisiorek &#8222;Chwile wspomnie\u0144&#8221;"},"content":{"rendered":"<p>Wisiorek z czerwonego z\u0142ota, w kszta\u0142cie serca. Wisiorek ma kszta\u0142t ga\u0142ek i n\u00f3\u017cek. Z przodu znajduje si\u0119 kamie\u0144 Swarovski o \u015brednicy 2,25 mm.<\/p>\n","protected":false},"excerpt":{"rendered":"<p>Wisiorek z czerwonego z\u0142ota, w kszta\u0142cie serca. Wisiorek ma kszta\u0142t ga\u0142ek i n\u00f3\u017cek. Z przodu znajduje si\u0119 kamie\u0144 Swarovski o \u015brednicy 2,25 mm.<\/p>\n","protected":false},"featured_media":47164,"template":"","meta":{"_acf_changed":false},"product_brand":[],"product_cat":[563,566,567,570],"product_tag":[],"class_list":{"0":"post-47163","1":"product","2":"type-product","3":"status-publish","4":"has-post-thumbnail","6":"product_cat-gold-pendants-pl","7":"product_cat-with-cubic-zirconia-2-pl","8":"product_cat-with-diamonds-2-pl","9":"product_cat-with-rocks-2-pl","11":"first","12":"instock","13":"product-type-simple"},"acf":[],"_links":{"self":[{"href":"https:\/\/zl.jewelry\/pl\/wp-json\/wp\/v2\/product\/47163","targetHints":{"allow":["GET"]}}],"collection":[{"href":"https:\/\/zl.jewelry\/pl\/wp-json\/wp\/v2\/product"}],"about":[{"href":"https:\/\/zl.jewelry\/pl\/wp-json\/wp\/v2\/types\/product"}],"wp:featuredmedia":[{"embeddable":true,"href":"https:\/\/zl.jewelry\/pl\/wp-json\/wp\/v2\/media\/47164"}],"wp:attachment":[{"href":"https:\/\/zl.jewelry\/pl\/wp-json\/wp\/v2\/media?parent=47163"}],"wp:term":[{"taxonomy":"product_brand","embeddable":true,"href":"https:\/\/zl.jewelry\/pl\/wp-json\/wp\/v2\/product_brand?post=47163"},{"taxonomy":"product_cat","embeddable":true,"href":"https:\/\/zl.jewelry\/pl\/wp-json\/wp\/v2\/product_cat?post=47163"},{"taxonomy":"product_tag","embeddable":true,"href":"https:\/\/zl.jewelry\/pl\/wp-json\/wp\/v2\/product_tag?post=47163"}],"curies":[{"name":"wp","href":"https:\/\/api.w.org\/{rel}","templated":true}]}}