{"id":47157,"date":"2025-06-18T10:51:52","date_gmt":"2025-06-18T10:51:52","guid":{"rendered":"https:\/\/zl.jewelry\/product\/bear-pendant-in-white-gold\/"},"modified":"2025-09-26T18:23:18","modified_gmt":"2025-09-26T18:23:18","slug":"bear-pendant-in-white-gold","status":"publish","type":"product","link":"https:\/\/zl.jewelry\/pl\/product\/bear-pendant-in-white-gold\/","title":{"rendered":"Wisiorek &#8222;Nied\u017awied\u017a&#8221; z bia\u0142ego z\u0142ota"},"content":{"rendered":"","protected":false},"excerpt":{"rendered":"","protected":false},"featured_media":47158,"template":"","meta":{"_acf_changed":false},"product_brand":[],"product_cat":[568,563],"product_tag":[],"class_list":{"0":"post-47157","1":"product","2":"type-product","3":"status-publish","4":"has-post-thumbnail","6":"product_cat-without-inserts-2-pl","7":"product_cat-gold-pendants-pl","9":"first","10":"instock","11":"product-type-simple"},"acf":[],"_links":{"self":[{"href":"https:\/\/zl.jewelry\/pl\/wp-json\/wp\/v2\/product\/47157","targetHints":{"allow":["GET"]}}],"collection":[{"href":"https:\/\/zl.jewelry\/pl\/wp-json\/wp\/v2\/product"}],"about":[{"href":"https:\/\/zl.jewelry\/pl\/wp-json\/wp\/v2\/types\/product"}],"wp:featuredmedia":[{"embeddable":true,"href":"https:\/\/zl.jewelry\/pl\/wp-json\/wp\/v2\/media\/47158"}],"wp:attachment":[{"href":"https:\/\/zl.jewelry\/pl\/wp-json\/wp\/v2\/media?parent=47157"}],"wp:term":[{"taxonomy":"product_brand","embeddable":true,"href":"https:\/\/zl.jewelry\/pl\/wp-json\/wp\/v2\/product_brand?post=47157"},{"taxonomy":"product_cat","embeddable":true,"href":"https:\/\/zl.jewelry\/pl\/wp-json\/wp\/v2\/product_cat?post=47157"},{"taxonomy":"product_tag","embeddable":true,"href":"https:\/\/zl.jewelry\/pl\/wp-json\/wp\/v2\/product_tag?post=47157"}],"curies":[{"name":"wp","href":"https:\/\/api.w.org\/{rel}","templated":true}]}}