{"id":47151,"date":"2025-06-18T10:51:52","date_gmt":"2025-06-18T10:51:52","guid":{"rendered":"https:\/\/zl.jewelry\/product\/owl-pendant-in-white-gold\/"},"modified":"2025-09-26T18:23:17","modified_gmt":"2025-09-26T18:23:17","slug":"owl-pendant-in-white-gold","status":"publish","type":"product","link":"https:\/\/zl.jewelry\/pl\/product\/owl-pendant-in-white-gold\/","title":{"rendered":"Zawieszka &#8222;Sowa&#8221; z bia\u0142ego z\u0142ota"},"content":{"rendered":"<p>Wisiorek z bia\u0142ego z\u0142ota pokrytego rodem. Waga w z\u0142ocie wynosi 9,54 grama. Wysoko\u015b\u0107 bez ucha wynosi oko\u0142o 30 mm. W oczach sowy wstawione diamenty (mog\u0105 by\u0107 osadzone dowolnie wed\u0142ug \u017cyczenia klienta), \u015brednica 2,8mm (2szt). Z ty\u0142u g\u0142adka powierzchnia.<\/p>\n<p>_x000D_<\/p>\n","protected":false},"excerpt":{"rendered":"<p>Wisiorek z bia\u0142ego z\u0142ota pokrytego rodem. Waga w z\u0142ocie wynosi 9,54 grama. Wysoko\u015b\u0107 bez ucha wynosi oko\u0142o 30 mm. W oczach sowy wstawione diamenty (mog\u0105 by\u0107 osadzone dowolnie wed\u0142ug \u017cyczenia klienta), \u015brednica 2,8mm (2szt). Z ty\u0142u g\u0142adka powierzchnia. _x000D_<\/p>\n","protected":false},"featured_media":47152,"template":"","meta":{"_acf_changed":false},"product_brand":[],"product_cat":[563,566,567,570],"product_tag":[],"class_list":{"0":"post-47151","1":"product","2":"type-product","3":"status-publish","4":"has-post-thumbnail","6":"product_cat-gold-pendants-pl","7":"product_cat-with-cubic-zirconia-2-pl","8":"product_cat-with-diamonds-2-pl","9":"product_cat-with-rocks-2-pl","11":"first","12":"instock","13":"product-type-simple"},"acf":[],"_links":{"self":[{"href":"https:\/\/zl.jewelry\/pl\/wp-json\/wp\/v2\/product\/47151","targetHints":{"allow":["GET"]}}],"collection":[{"href":"https:\/\/zl.jewelry\/pl\/wp-json\/wp\/v2\/product"}],"about":[{"href":"https:\/\/zl.jewelry\/pl\/wp-json\/wp\/v2\/types\/product"}],"wp:featuredmedia":[{"embeddable":true,"href":"https:\/\/zl.jewelry\/pl\/wp-json\/wp\/v2\/media\/47152"}],"wp:attachment":[{"href":"https:\/\/zl.jewelry\/pl\/wp-json\/wp\/v2\/media?parent=47151"}],"wp:term":[{"taxonomy":"product_brand","embeddable":true,"href":"https:\/\/zl.jewelry\/pl\/wp-json\/wp\/v2\/product_brand?post=47151"},{"taxonomy":"product_cat","embeddable":true,"href":"https:\/\/zl.jewelry\/pl\/wp-json\/wp\/v2\/product_cat?post=47151"},{"taxonomy":"product_tag","embeddable":true,"href":"https:\/\/zl.jewelry\/pl\/wp-json\/wp\/v2\/product_tag?post=47151"}],"curies":[{"name":"wp","href":"https:\/\/api.w.org\/{rel}","templated":true}]}}