{"id":47145,"date":"2025-06-18T10:51:52","date_gmt":"2025-06-18T10:51:52","guid":{"rendered":"https:\/\/zl.jewelry\/product\/lady-d-pendant\/"},"modified":"2025-09-26T18:23:16","modified_gmt":"2025-09-26T18:23:16","slug":"lady-d-pendant","status":"publish","type":"product","link":"https:\/\/zl.jewelry\/pl\/product\/lady-d-pendant\/","title":{"rendered":"Wisiorek Lady D"},"content":{"rendered":"<p>Wisiorek z czerwonego z\u0142ota pr\u00f3by 585*, waga 1,03, wysoko\u015b\u0107 wisiorka bez ucha 12mm, ucho to zwyk\u0142y pier\u015bcionek.&nbsp;<\/p>\n","protected":false},"excerpt":{"rendered":"<p>Wisiorek z czerwonego z\u0142ota pr\u00f3by 585*, waga 1,03, wysoko\u015b\u0107 wisiorka bez ucha 12mm, ucho to zwyk\u0142y pier\u015bcionek.&nbsp;<\/p>\n","protected":false},"featured_media":47146,"template":"","meta":{"_acf_changed":false},"product_brand":[],"product_cat":[565,567,566,570,563],"product_tag":[],"class_list":{"0":"post-47145","1":"product","2":"type-product","3":"status-publish","4":"has-post-thumbnail","6":"product_cat-pendant-letter-pl","7":"product_cat-with-diamonds-2-pl","8":"product_cat-with-cubic-zirconia-2-pl","9":"product_cat-with-rocks-2-pl","10":"product_cat-gold-pendants-pl","12":"first","13":"instock","14":"product-type-simple"},"acf":[],"_links":{"self":[{"href":"https:\/\/zl.jewelry\/pl\/wp-json\/wp\/v2\/product\/47145","targetHints":{"allow":["GET"]}}],"collection":[{"href":"https:\/\/zl.jewelry\/pl\/wp-json\/wp\/v2\/product"}],"about":[{"href":"https:\/\/zl.jewelry\/pl\/wp-json\/wp\/v2\/types\/product"}],"wp:featuredmedia":[{"embeddable":true,"href":"https:\/\/zl.jewelry\/pl\/wp-json\/wp\/v2\/media\/47146"}],"wp:attachment":[{"href":"https:\/\/zl.jewelry\/pl\/wp-json\/wp\/v2\/media?parent=47145"}],"wp:term":[{"taxonomy":"product_brand","embeddable":true,"href":"https:\/\/zl.jewelry\/pl\/wp-json\/wp\/v2\/product_brand?post=47145"},{"taxonomy":"product_cat","embeddable":true,"href":"https:\/\/zl.jewelry\/pl\/wp-json\/wp\/v2\/product_cat?post=47145"},{"taxonomy":"product_tag","embeddable":true,"href":"https:\/\/zl.jewelry\/pl\/wp-json\/wp\/v2\/product_tag?post=47145"}],"curies":[{"name":"wp","href":"https:\/\/api.w.org\/{rel}","templated":true}]}}