{"id":47143,"date":"2025-06-18T10:51:52","date_gmt":"2025-06-18T10:51:52","guid":{"rendered":"https:\/\/zl.jewelry\/product\/foxy-pendant\/"},"modified":"2025-09-26T18:23:16","modified_gmt":"2025-09-26T18:23:16","slug":"foxy-pendant","status":"publish","type":"product","link":"https:\/\/zl.jewelry\/pl\/product\/foxy-pendant\/","title":{"rendered":"Wisiorek &#8222;Lis&#8221;"},"content":{"rendered":"<p>Wisiorek &quot;Lis&quot; z bia\u0142ego z\u0142ota, rodowany, waga zale\u017cna od rozmiapl, przy przybli\u017conej wysoko\u015bci wisiorka bez ucha 10mm, waga z\u0142ota 0,87 grama.&nbsp; W oczkach osadzone kamienie, \u015brednica 1,25mm (2szt).<\/p>\n<p>_x000D_<\/p>\n","protected":false},"excerpt":{"rendered":"<p>Wisiorek &quot;Lis&quot; z bia\u0142ego z\u0142ota, rodowany, waga zale\u017cna od rozmiapl, przy przybli\u017conej wysoko\u015bci wisiorka bez ucha 10mm, waga z\u0142ota 0,87 grama.&nbsp; W oczkach osadzone kamienie, \u015brednica 1,25mm (2szt). _x000D_<\/p>\n","protected":false},"featured_media":47144,"template":"","meta":{"_acf_changed":false},"product_brand":[],"product_cat":[563,566,567,570],"product_tag":[],"class_list":{"0":"post-47143","1":"product","2":"type-product","3":"status-publish","4":"has-post-thumbnail","6":"product_cat-gold-pendants-pl","7":"product_cat-with-cubic-zirconia-2-pl","8":"product_cat-with-diamonds-2-pl","9":"product_cat-with-rocks-2-pl","11":"first","12":"instock","13":"product-type-simple"},"acf":[],"_links":{"self":[{"href":"https:\/\/zl.jewelry\/pl\/wp-json\/wp\/v2\/product\/47143","targetHints":{"allow":["GET"]}}],"collection":[{"href":"https:\/\/zl.jewelry\/pl\/wp-json\/wp\/v2\/product"}],"about":[{"href":"https:\/\/zl.jewelry\/pl\/wp-json\/wp\/v2\/types\/product"}],"wp:featuredmedia":[{"embeddable":true,"href":"https:\/\/zl.jewelry\/pl\/wp-json\/wp\/v2\/media\/47144"}],"wp:attachment":[{"href":"https:\/\/zl.jewelry\/pl\/wp-json\/wp\/v2\/media?parent=47143"}],"wp:term":[{"taxonomy":"product_brand","embeddable":true,"href":"https:\/\/zl.jewelry\/pl\/wp-json\/wp\/v2\/product_brand?post=47143"},{"taxonomy":"product_cat","embeddable":true,"href":"https:\/\/zl.jewelry\/pl\/wp-json\/wp\/v2\/product_cat?post=47143"},{"taxonomy":"product_tag","embeddable":true,"href":"https:\/\/zl.jewelry\/pl\/wp-json\/wp\/v2\/product_tag?post=47143"}],"curies":[{"name":"wp","href":"https:\/\/api.w.org\/{rel}","templated":true}]}}