{"id":47139,"date":"2025-06-18T10:51:52","date_gmt":"2025-06-18T10:51:52","guid":{"rendered":"https:\/\/zl.jewelry\/product\/bird-of-peace-pendant\/"},"modified":"2025-09-26T18:23:16","modified_gmt":"2025-09-26T18:23:16","slug":"bird-of-peace-pendant","status":"publish","type":"product","link":"https:\/\/zl.jewelry\/pl\/product\/bird-of-peace-pendant\/","title":{"rendered":"Wisiorek &#8222;Ptak pokoju&#8221;"},"content":{"rendered":"<p>Wisiorek wykonany z po\u0142\u0105czenia czerwonego i bia\u0142ego z\u0142ota. Z przodu, po\u015brodku, znajduje si\u0119 rodowana tabliczka z bia\u0142ego z\u0142ota w formie ptaka z greck\u0105 niesko\u0144czono\u015bci\u0105 wok\u00f3\u0142 ptaka. Z ty\u0142u&nbsp; matowej powierzchni. Na uchu, z przodu znajduje si\u0119 rodowana blaszka z bia\u0142ego z\u0142ota w formie inicja\u0142u. Waga z\u0142ota r\u00f3\u017cni si\u0119 w zale\u017cno\u015bci od rozmiapl zawieszki, przy \u015brednicy 23 mm waga z\u0142ota wynosi 9,10 grama. Wz\u00f3r mo\u017ce zosta\u0107 zmieniony na \u017cyczenie klienta.&nbsp;<\/p>\n","protected":false},"excerpt":{"rendered":"<p>Wisiorek wykonany z po\u0142\u0105czenia czerwonego i bia\u0142ego z\u0142ota. Z przodu, po\u015brodku, znajduje si\u0119 rodowana tabliczka z bia\u0142ego z\u0142ota w formie ptaka z greck\u0105 niesko\u0144czono\u015bci\u0105 wok\u00f3\u0142 ptaka. Z ty\u0142u&nbsp; matowej powierzchni. Na uchu, z przodu znajduje si\u0119 rodowana blaszka z bia\u0142ego z\u0142ota w formie inicja\u0142u. Waga z\u0142ota r\u00f3\u017cni si\u0119 w zale\u017cno\u015bci od rozmiapl zawieszki, przy \u015brednicy&#8230;<\/p>\n","protected":false},"featured_media":47140,"template":"","meta":{"_acf_changed":false},"product_brand":[],"product_cat":[568,563],"product_tag":[],"class_list":{"0":"post-47139","1":"product","2":"type-product","3":"status-publish","4":"has-post-thumbnail","6":"product_cat-without-inserts-2-pl","7":"product_cat-gold-pendants-pl","9":"first","10":"instock","11":"product-type-simple"},"acf":[],"_links":{"self":[{"href":"https:\/\/zl.jewelry\/pl\/wp-json\/wp\/v2\/product\/47139","targetHints":{"allow":["GET"]}}],"collection":[{"href":"https:\/\/zl.jewelry\/pl\/wp-json\/wp\/v2\/product"}],"about":[{"href":"https:\/\/zl.jewelry\/pl\/wp-json\/wp\/v2\/types\/product"}],"wp:featuredmedia":[{"embeddable":true,"href":"https:\/\/zl.jewelry\/pl\/wp-json\/wp\/v2\/media\/47140"}],"wp:attachment":[{"href":"https:\/\/zl.jewelry\/pl\/wp-json\/wp\/v2\/media?parent=47139"}],"wp:term":[{"taxonomy":"product_brand","embeddable":true,"href":"https:\/\/zl.jewelry\/pl\/wp-json\/wp\/v2\/product_brand?post=47139"},{"taxonomy":"product_cat","embeddable":true,"href":"https:\/\/zl.jewelry\/pl\/wp-json\/wp\/v2\/product_cat?post=47139"},{"taxonomy":"product_tag","embeddable":true,"href":"https:\/\/zl.jewelry\/pl\/wp-json\/wp\/v2\/product_tag?post=47139"}],"curies":[{"name":"wp","href":"https:\/\/api.w.org\/{rel}","templated":true}]}}