{"id":47131,"date":"2025-06-18T10:51:52","date_gmt":"2025-06-18T10:51:52","guid":{"rendered":"https:\/\/zl.jewelry\/product\/angel-heart-pendant\/"},"modified":"2025-09-26T18:23:15","modified_gmt":"2025-09-26T18:23:15","slug":"angel-heart-pendant","status":"publish","type":"product","link":"https:\/\/zl.jewelry\/pl\/product\/angel-heart-pendant\/","title":{"rendered":"Wisiorek &#8222;Anielskie serce&#8221;"},"content":{"rendered":"<p>Wisiorek z czerwonego z\u0142ota, o wadze 4,75 grama. Wysoko\u015b\u0107 wisiorka wynosi 28 mm z uszkiem. Po\u015brodku znajduje si\u0119 kamie\u0144 o \u015brednicy 1 mm. Mo\u017cliwe jest ustawienie kamienia mi\u0142o\u015bci, na \u017cyczenie klienta.<\/p>\n<p>_x000D_<\/p>\n","protected":false},"excerpt":{"rendered":"<p>Wisiorek z czerwonego z\u0142ota, o wadze 4,75 grama. Wysoko\u015b\u0107 wisiorka wynosi 28 mm z uszkiem. Po\u015brodku znajduje si\u0119 kamie\u0144 o \u015brednicy 1 mm. Mo\u017cliwe jest ustawienie kamienia mi\u0142o\u015bci, na \u017cyczenie klienta. _x000D_<\/p>\n","protected":false},"featured_media":47132,"template":"","meta":{"_acf_changed":false},"product_brand":[],"product_cat":[563,566,567,570],"product_tag":[],"class_list":{"0":"post-47131","1":"product","2":"type-product","3":"status-publish","4":"has-post-thumbnail","6":"product_cat-gold-pendants-pl","7":"product_cat-with-cubic-zirconia-2-pl","8":"product_cat-with-diamonds-2-pl","9":"product_cat-with-rocks-2-pl","11":"first","12":"instock","13":"product-type-simple"},"acf":[],"_links":{"self":[{"href":"https:\/\/zl.jewelry\/pl\/wp-json\/wp\/v2\/product\/47131","targetHints":{"allow":["GET"]}}],"collection":[{"href":"https:\/\/zl.jewelry\/pl\/wp-json\/wp\/v2\/product"}],"about":[{"href":"https:\/\/zl.jewelry\/pl\/wp-json\/wp\/v2\/types\/product"}],"wp:featuredmedia":[{"embeddable":true,"href":"https:\/\/zl.jewelry\/pl\/wp-json\/wp\/v2\/media\/47132"}],"wp:attachment":[{"href":"https:\/\/zl.jewelry\/pl\/wp-json\/wp\/v2\/media?parent=47131"}],"wp:term":[{"taxonomy":"product_brand","embeddable":true,"href":"https:\/\/zl.jewelry\/pl\/wp-json\/wp\/v2\/product_brand?post=47131"},{"taxonomy":"product_cat","embeddable":true,"href":"https:\/\/zl.jewelry\/pl\/wp-json\/wp\/v2\/product_cat?post=47131"},{"taxonomy":"product_tag","embeddable":true,"href":"https:\/\/zl.jewelry\/pl\/wp-json\/wp\/v2\/product_tag?post=47131"}],"curies":[{"name":"wp","href":"https:\/\/api.w.org\/{rel}","templated":true}]}}