{"id":47129,"date":"2025-06-18T10:51:52","date_gmt":"2025-06-18T10:51:52","guid":{"rendered":"https:\/\/zl.jewelry\/product\/rodovod-pendants\/"},"modified":"2025-09-26T18:23:15","modified_gmt":"2025-09-26T18:23:15","slug":"rodovod-pendants","status":"publish","type":"product","link":"https:\/\/zl.jewelry\/pl\/product\/rodovod-pendants\/","title":{"rendered":"Wisiorki &#8222;Rodovod&#8221;"},"content":{"rendered":"<p>Wisiorek z bia\u0142ego z\u0142ota, rodowany, o wadze 8,39 grama. Na przedniej stronie wisiorka rozsypane kamienie Swarovskiego o \u015brednicy 1,5mm (55szt) w okr\u0119gu, na \u017cyczenie klienta mo\u017cna umie\u015bci\u0107 dowolne kamienie.<\/p>\n<p>_x000D_<\/p>\n","protected":false},"excerpt":{"rendered":"<p>Wisiorek z bia\u0142ego z\u0142ota, rodowany, o wadze 8,39 grama. Na przedniej stronie wisiorka rozsypane kamienie Swarovskiego o \u015brednicy 1,5mm (55szt) w okr\u0119gu, na \u017cyczenie klienta mo\u017cna umie\u015bci\u0107 dowolne kamienie. _x000D_<\/p>\n","protected":false},"featured_media":47130,"template":"","meta":{"_acf_changed":false},"product_brand":[],"product_cat":[563,566,567,570],"product_tag":[],"class_list":{"0":"post-47129","1":"product","2":"type-product","3":"status-publish","4":"has-post-thumbnail","6":"product_cat-gold-pendants-pl","7":"product_cat-with-cubic-zirconia-2-pl","8":"product_cat-with-diamonds-2-pl","9":"product_cat-with-rocks-2-pl","11":"first","12":"instock","13":"product-type-simple"},"acf":[],"_links":{"self":[{"href":"https:\/\/zl.jewelry\/pl\/wp-json\/wp\/v2\/product\/47129","targetHints":{"allow":["GET"]}}],"collection":[{"href":"https:\/\/zl.jewelry\/pl\/wp-json\/wp\/v2\/product"}],"about":[{"href":"https:\/\/zl.jewelry\/pl\/wp-json\/wp\/v2\/types\/product"}],"wp:featuredmedia":[{"embeddable":true,"href":"https:\/\/zl.jewelry\/pl\/wp-json\/wp\/v2\/media\/47130"}],"wp:attachment":[{"href":"https:\/\/zl.jewelry\/pl\/wp-json\/wp\/v2\/media?parent=47129"}],"wp:term":[{"taxonomy":"product_brand","embeddable":true,"href":"https:\/\/zl.jewelry\/pl\/wp-json\/wp\/v2\/product_brand?post=47129"},{"taxonomy":"product_cat","embeddable":true,"href":"https:\/\/zl.jewelry\/pl\/wp-json\/wp\/v2\/product_cat?post=47129"},{"taxonomy":"product_tag","embeddable":true,"href":"https:\/\/zl.jewelry\/pl\/wp-json\/wp\/v2\/product_tag?post=47129"}],"curies":[{"name":"wp","href":"https:\/\/api.w.org\/{rel}","templated":true}]}}