{"id":47127,"date":"2025-06-18T10:51:52","date_gmt":"2025-06-18T10:51:52","guid":{"rendered":"https:\/\/zl.jewelry\/product\/nature-spirit-pendant\/"},"modified":"2025-09-26T18:23:15","modified_gmt":"2025-09-26T18:23:15","slug":"nature-spirit-pendant","status":"publish","type":"product","link":"https:\/\/zl.jewelry\/pl\/product\/nature-spirit-pendant\/","title":{"rendered":"Wisiorek &#8222;Duch natury&#8221;"},"content":{"rendered":"<p>Wisiorek z czerwonego z\u0142ota o wadze 8,32 grama. Wysoko\u015b\u0107 wisiorka bez ucha wynosi 33,10 mm<\/p>\n<p>_x000D_<\/p>\n","protected":false},"excerpt":{"rendered":"<p>Wisiorek z czerwonego z\u0142ota o wadze 8,32 grama. Wysoko\u015b\u0107 wisiorka bez ucha wynosi 33,10 mm _x000D_<\/p>\n","protected":false},"featured_media":60146,"template":"","meta":{"_acf_changed":false},"product_brand":[],"product_cat":[568,563],"product_tag":[],"class_list":{"0":"post-47127","1":"product","2":"type-product","3":"status-publish","4":"has-post-thumbnail","6":"product_cat-without-inserts-2-pl","7":"product_cat-gold-pendants-pl","9":"first","10":"instock","11":"product-type-simple"},"acf":[],"_links":{"self":[{"href":"https:\/\/zl.jewelry\/pl\/wp-json\/wp\/v2\/product\/47127","targetHints":{"allow":["GET"]}}],"collection":[{"href":"https:\/\/zl.jewelry\/pl\/wp-json\/wp\/v2\/product"}],"about":[{"href":"https:\/\/zl.jewelry\/pl\/wp-json\/wp\/v2\/types\/product"}],"wp:featuredmedia":[{"embeddable":true,"href":"https:\/\/zl.jewelry\/pl\/wp-json\/wp\/v2\/media\/60146"}],"wp:attachment":[{"href":"https:\/\/zl.jewelry\/pl\/wp-json\/wp\/v2\/media?parent=47127"}],"wp:term":[{"taxonomy":"product_brand","embeddable":true,"href":"https:\/\/zl.jewelry\/pl\/wp-json\/wp\/v2\/product_brand?post=47127"},{"taxonomy":"product_cat","embeddable":true,"href":"https:\/\/zl.jewelry\/pl\/wp-json\/wp\/v2\/product_cat?post=47127"},{"taxonomy":"product_tag","embeddable":true,"href":"https:\/\/zl.jewelry\/pl\/wp-json\/wp\/v2\/product_tag?post=47127"}],"curies":[{"name":"wp","href":"https:\/\/api.w.org\/{rel}","templated":true}]}}