{"id":47125,"date":"2025-06-18T10:51:56","date_gmt":"2025-06-18T10:51:56","guid":{"rendered":"https:\/\/zl.jewelry\/product\/right-secret-meanings\/"},"modified":"2025-09-26T18:23:23","modified_gmt":"2025-09-26T18:23:23","slug":"right-secret-meanings","status":"publish","type":"product","link":"https:\/\/zl.jewelry\/pl\/product\/right-secret-meanings\/","title":{"rendered":"Pier\u015bcionek &#8222;Secret Meanings&#8221;"},"content":{"rendered":"<p>Pier\u015bcionek w kolorze czerwonego z\u0142ota pr&oacute;by 585*, waga zale\u017cy od rozmiapl. Centralna cz\u0119\u015b\u0107 przedstawia liczby i wstawia fianity, centralny czarny fianit o \u015brednicy 8 mm; bezbarwne fianity o \u015brednicy 2 mm, boki przedstawiaj\u0105 hieroglify.&nbsp;<\/p>\n<p>_x000D_<\/p>\n","protected":false},"excerpt":{"rendered":"<p>Pier\u015bcionek w kolorze czerwonego z\u0142ota pr&oacute;by 585*, waga zale\u017cy od rozmiapl. Centralna cz\u0119\u015b\u0107 przedstawia liczby i wstawia fianity, centralny czarny fianit o \u015brednicy 8 mm; bezbarwne fianity o \u015brednicy 2 mm, boki przedstawiaj\u0105 hieroglify.&nbsp; _x000D_<\/p>\n","protected":false},"featured_media":48787,"template":"","meta":{"_acf_changed":false},"product_brand":[],"product_cat":[517,589],"product_tag":[],"class_list":{"0":"post-47125","1":"product","2":"type-product","3":"status-publish","4":"has-post-thumbnail","6":"product_cat-mens-rings-and-seals-pl","7":"product_cat-signet-rings-pl","9":"first","10":"instock","11":"product-type-simple"},"acf":[],"_links":{"self":[{"href":"https:\/\/zl.jewelry\/pl\/wp-json\/wp\/v2\/product\/47125","targetHints":{"allow":["GET"]}}],"collection":[{"href":"https:\/\/zl.jewelry\/pl\/wp-json\/wp\/v2\/product"}],"about":[{"href":"https:\/\/zl.jewelry\/pl\/wp-json\/wp\/v2\/types\/product"}],"wp:featuredmedia":[{"embeddable":true,"href":"https:\/\/zl.jewelry\/pl\/wp-json\/wp\/v2\/media\/48787"}],"wp:attachment":[{"href":"https:\/\/zl.jewelry\/pl\/wp-json\/wp\/v2\/media?parent=47125"}],"wp:term":[{"taxonomy":"product_brand","embeddable":true,"href":"https:\/\/zl.jewelry\/pl\/wp-json\/wp\/v2\/product_brand?post=47125"},{"taxonomy":"product_cat","embeddable":true,"href":"https:\/\/zl.jewelry\/pl\/wp-json\/wp\/v2\/product_cat?post=47125"},{"taxonomy":"product_tag","embeddable":true,"href":"https:\/\/zl.jewelry\/pl\/wp-json\/wp\/v2\/product_tag?post=47125"}],"curies":[{"name":"wp","href":"https:\/\/api.w.org\/{rel}","templated":true}]}}