{"id":47117,"date":"2025-06-18T10:51:56","date_gmt":"2025-06-18T10:51:56","guid":{"rendered":"https:\/\/zl.jewelry\/product\/the-power-of-the-zodiac-pendant\/"},"modified":"2025-09-26T18:23:23","modified_gmt":"2025-09-26T18:23:23","slug":"the-power-of-the-zodiac-pendant","status":"publish","type":"product","link":"https:\/\/zl.jewelry\/pl\/product\/the-power-of-the-zodiac-pendant\/","title":{"rendered":"Wisiorek &#8222;Moc Zodiaku&#8221;"},"content":{"rendered":"<p>Wisiorek w kolorze czerwonego z\u0142ota (585*), przybli\u017cona waga 54,42 grama.<\/p>\n<p>_x000D_<br \/>\n_x000D_<\/p>\n<p>Na przedniej stronie \u015brodka znajduje si\u0119 wizeplnek Kozioro\u017cca w otoczce z bia\u0142ego z\u0142ota. Na kraw\u0119dzi wisiorka znajduj\u0105 si\u0119 znaki zodiaku oraz zodiak wybrany przez klienta, podkre\u015blony emali\u0105 (mo\u017cesz wybra\u0107 swoje ulubione symbole).<\/p>\n<p>_x000D_<br \/>\n_x000D_<\/p>\n<p>Tylna cz\u0119\u015b\u0107 &oacute;semki z bia\u0142ego z\u0142ota jest rodowana. Na kraw\u0119dzi zawieszki od tylnej strony widnieje napis &quot;MY IDEA MY\u0407 plLES MY\u0404 LIFE&raquo;.<\/p>\n<p>_x000D_<br \/>\n_x000D_<\/p>\n<p>Zawieszka w formie k&oacute;\u0142ka, wysoko\u015b\u0107 zawieszki 55 mm bez ucha, ucho pod \u0142a\u0144cuszkiem, zdejmowane.<\/p>\n<p>_x000D_<br \/>\n_x000D_<\/p>\n<p>Z przodu kamienie &nbsp; diamenty o \u015brednicy 2 mm, 3,27 mm i 2,75 mm.<\/p>\n<p>_x000D_<br \/>\n_x000D_<\/p>\n<p>&nbsp;<\/p>\n<p>_x000D_<\/p>\n","protected":false},"excerpt":{"rendered":"<p>Wisiorek w kolorze czerwonego z\u0142ota (585*), przybli\u017cona waga 54,42 grama. _x000D_ _x000D_ Na przedniej stronie \u015brodka znajduje si\u0119 wizeplnek Kozioro\u017cca w otoczce z bia\u0142ego z\u0142ota. Na kraw\u0119dzi wisiorka znajduj\u0105 si\u0119 znaki zodiaku oraz zodiak wybrany przez klienta, podkre\u015blony emali\u0105 (mo\u017cesz wybra\u0107 swoje ulubione symbole). _x000D_ _x000D_ Tylna cz\u0119\u015b\u0107 &oacute;semki z bia\u0142ego z\u0142ota jest rodowana. Na&#8230;<\/p>\n","protected":false},"featured_media":47118,"template":"","meta":{"_acf_changed":false},"product_brand":[],"product_cat":[567,566,570,563],"product_tag":[],"class_list":{"0":"post-47117","1":"product","2":"type-product","3":"status-publish","4":"has-post-thumbnail","6":"product_cat-with-diamonds-2-pl","7":"product_cat-with-cubic-zirconia-2-pl","8":"product_cat-with-rocks-2-pl","9":"product_cat-gold-pendants-pl","11":"first","12":"instock","13":"product-type-simple"},"acf":[],"_links":{"self":[{"href":"https:\/\/zl.jewelry\/pl\/wp-json\/wp\/v2\/product\/47117","targetHints":{"allow":["GET"]}}],"collection":[{"href":"https:\/\/zl.jewelry\/pl\/wp-json\/wp\/v2\/product"}],"about":[{"href":"https:\/\/zl.jewelry\/pl\/wp-json\/wp\/v2\/types\/product"}],"wp:featuredmedia":[{"embeddable":true,"href":"https:\/\/zl.jewelry\/pl\/wp-json\/wp\/v2\/media\/47118"}],"wp:attachment":[{"href":"https:\/\/zl.jewelry\/pl\/wp-json\/wp\/v2\/media?parent=47117"}],"wp:term":[{"taxonomy":"product_brand","embeddable":true,"href":"https:\/\/zl.jewelry\/pl\/wp-json\/wp\/v2\/product_brand?post=47117"},{"taxonomy":"product_cat","embeddable":true,"href":"https:\/\/zl.jewelry\/pl\/wp-json\/wp\/v2\/product_cat?post=47117"},{"taxonomy":"product_tag","embeddable":true,"href":"https:\/\/zl.jewelry\/pl\/wp-json\/wp\/v2\/product_tag?post=47117"}],"curies":[{"name":"wp","href":"https:\/\/api.w.org\/{rel}","templated":true}]}}