{"id":47115,"date":"2025-06-18T10:51:56","date_gmt":"2025-06-18T10:51:56","guid":{"rendered":"https:\/\/zl.jewelry\/product\/rope-with-rotating-parts\/"},"modified":"2025-09-26T18:23:22","modified_gmt":"2025-09-26T18:23:22","slug":"rope-with-rotating-parts","status":"publish","type":"product","link":"https:\/\/zl.jewelry\/pl\/product\/rope-with-rotating-parts\/","title":{"rendered":"Sznur z obracaj\u0105cymi si\u0119 elementami"},"content":{"rendered":"<p>Sznur w kolorze czerwonego z\u0142ota 585*, z obrotowymi wk\u0142adkami. Obrotowe wk\u0142adki maj\u0105 napis &quot;Save and Preserve&quot; &nbsp;z niello. Obrotowe wk\u0142adki s\u0105 oparte na twarzy Miko\u0142aja Cudotw\u00f3rcy z jednej strony i r\u00f3\u017cy wiatr\u00f3w z dplgiej strony. Wk\u0142adki z czarnymi fianitami po obu stronach, o \u015brednicy 1 mm. R\u00f3wnie\u017c na sznurze wstawki z twarzami \u015bwi\u0119tych.&nbsp; Pude\u0142ko z napisem &quot;Save and Preserve&quot;. Waga z\u0142ota w sznurze 86,60. \u015arednica sznura wynosi 6 mm. D\u0142ugo\u015b\u0107 sznura 60cm.<\/p>\n","protected":false},"excerpt":{"rendered":"<p>Sznur w kolorze czerwonego z\u0142ota 585*, z obrotowymi wk\u0142adkami. Obrotowe wk\u0142adki maj\u0105 napis &quot;Save and Preserve&quot; &nbsp;z niello. Obrotowe wk\u0142adki s\u0105 oparte na twarzy Miko\u0142aja Cudotw\u00f3rcy z jednej strony i r\u00f3\u017cy wiatr\u00f3w z dplgiej strony. Wk\u0142adki z czarnymi fianitami po obu stronach, o \u015brednicy 1 mm. R\u00f3wnie\u017c na sznurze wstawki z twarzami \u015bwi\u0119tych.&nbsp; Pude\u0142ko z&#8230;<\/p>\n","protected":false},"featured_media":47116,"template":"","meta":{"_acf_changed":false},"product_brand":[],"product_cat":[496,499],"product_tag":[],"class_list":{"0":"post-47115","1":"product","2":"type-product","3":"status-publish","4":"has-post-thumbnail","6":"product_cat-jewelry-laces-pl","7":"product_cat-nylon-mens-pl","9":"first","10":"instock","11":"product-type-simple"},"acf":[],"_links":{"self":[{"href":"https:\/\/zl.jewelry\/pl\/wp-json\/wp\/v2\/product\/47115","targetHints":{"allow":["GET"]}}],"collection":[{"href":"https:\/\/zl.jewelry\/pl\/wp-json\/wp\/v2\/product"}],"about":[{"href":"https:\/\/zl.jewelry\/pl\/wp-json\/wp\/v2\/types\/product"}],"wp:featuredmedia":[{"embeddable":true,"href":"https:\/\/zl.jewelry\/pl\/wp-json\/wp\/v2\/media\/47116"}],"wp:attachment":[{"href":"https:\/\/zl.jewelry\/pl\/wp-json\/wp\/v2\/media?parent=47115"}],"wp:term":[{"taxonomy":"product_brand","embeddable":true,"href":"https:\/\/zl.jewelry\/pl\/wp-json\/wp\/v2\/product_brand?post=47115"},{"taxonomy":"product_cat","embeddable":true,"href":"https:\/\/zl.jewelry\/pl\/wp-json\/wp\/v2\/product_cat?post=47115"},{"taxonomy":"product_tag","embeddable":true,"href":"https:\/\/zl.jewelry\/pl\/wp-json\/wp\/v2\/product_tag?post=47115"}],"curies":[{"name":"wp","href":"https:\/\/api.w.org\/{rel}","templated":true}]}}