{"id":47109,"date":"2025-06-18T10:51:56","date_gmt":"2025-06-18T10:51:56","guid":{"rendered":"https:\/\/zl.jewelry\/product\/the-faces-of-the-saints-chain\/"},"modified":"2025-09-26T18:23:22","modified_gmt":"2025-09-26T18:23:22","slug":"the-faces-of-the-saints-chain","status":"publish","type":"product","link":"https:\/\/zl.jewelry\/pl\/product\/the-faces-of-the-saints-chain\/","title":{"rendered":"\u0141a\u0144cuszek &#8222;Twarze \u015bwi\u0119tych&#8221;"},"content":{"rendered":"<p>Wyj\u0105tkowy \u0142a\u0144cuszek w kolorze cytrynowego z\u0142ota z drewnianymi wstawkami. Wstawki przedstawiaj\u0105 twarze Anio\u0142a Str\u00f3\u017ca, r\u00f3wnie\u017c na wstawkach wymodelowany jest wz\u00f3r greckiej niesko\u0144czono\u015bci. Na ogniwach \u0142\u0105cz\u0105cych przedstawiona jest chrisma, zamek &#8211; pude\u0142ko, z jednym zamkiem, z napisem &quot; Panie, zachowaj i zachowaj&quot;. Cz\u0119\u015bci \u0142a\u0144cuszka pokryte s\u0105 czarn\u0105 emali\u0105. Po dplgiej stronie \u0142a\u0144cuszka znajduje si\u0119 pr\u0119t w kszta\u0142cie podkowy, na kt\u00f3rym przedstawiono greck\u0105 niesko\u0144czono\u015b\u0107. Wz\u00f3r mo\u017ce zosta\u0107 zmieniony zgodnie z \u017cyczeniem klienta. Waga jest zale\u017cna od rozmiapl.<\/p>\n","protected":false},"excerpt":{"rendered":"<p>Wyj\u0105tkowy \u0142a\u0144cuszek w kolorze cytrynowego z\u0142ota z drewnianymi wstawkami. Wstawki przedstawiaj\u0105 twarze Anio\u0142a Str\u00f3\u017ca, r\u00f3wnie\u017c na wstawkach wymodelowany jest wz\u00f3r greckiej niesko\u0144czono\u015bci. Na ogniwach \u0142\u0105cz\u0105cych przedstawiona jest chrisma, zamek &#8211; pude\u0142ko, z jednym zamkiem, z napisem &quot; Panie, zachowaj i zachowaj&quot;. Cz\u0119\u015bci \u0142a\u0144cuszka pokryte s\u0105 czarn\u0105 emali\u0105. Po dplgiej stronie \u0142a\u0144cuszka znajduje si\u0119 pr\u0119t w&#8230;<\/p>\n","protected":false},"featured_media":47110,"template":"","meta":{"_acf_changed":false},"product_brand":[],"product_cat":[490,492,493],"product_tag":[],"class_list":{"0":"post-47109","1":"product","2":"type-product","3":"status-publish","4":"has-post-thumbnail","6":"product_cat-gold-chains","7":"product_cat-gold-chain-from-50-gr-pl","8":"product_cat-mens-chains-pl","10":"first","11":"instock","12":"product-type-simple"},"acf":[],"_links":{"self":[{"href":"https:\/\/zl.jewelry\/pl\/wp-json\/wp\/v2\/product\/47109","targetHints":{"allow":["GET"]}}],"collection":[{"href":"https:\/\/zl.jewelry\/pl\/wp-json\/wp\/v2\/product"}],"about":[{"href":"https:\/\/zl.jewelry\/pl\/wp-json\/wp\/v2\/types\/product"}],"wp:featuredmedia":[{"embeddable":true,"href":"https:\/\/zl.jewelry\/pl\/wp-json\/wp\/v2\/media\/47110"}],"wp:attachment":[{"href":"https:\/\/zl.jewelry\/pl\/wp-json\/wp\/v2\/media?parent=47109"}],"wp:term":[{"taxonomy":"product_brand","embeddable":true,"href":"https:\/\/zl.jewelry\/pl\/wp-json\/wp\/v2\/product_brand?post=47109"},{"taxonomy":"product_cat","embeddable":true,"href":"https:\/\/zl.jewelry\/pl\/wp-json\/wp\/v2\/product_cat?post=47109"},{"taxonomy":"product_tag","embeddable":true,"href":"https:\/\/zl.jewelry\/pl\/wp-json\/wp\/v2\/product_tag?post=47109"}],"curies":[{"name":"wp","href":"https:\/\/api.w.org\/{rel}","templated":true}]}}