{"id":47107,"date":"2025-06-18T10:51:56","date_gmt":"2025-06-18T10:51:56","guid":{"rendered":"https:\/\/zl.jewelry\/product\/thors-hammer-pendant\/"},"modified":"2025-09-26T18:23:22","modified_gmt":"2025-09-26T18:23:22","slug":"thors-hammer-pendant","status":"publish","type":"product","link":"https:\/\/zl.jewelry\/pl\/product\/thors-hammer-pendant\/","title":{"rendered":"Wisiorek &#8222;M\u0142ot Thora&#8221;"},"content":{"rendered":"<p>Wisiorek z m\u0142otem Thora, wykonany z bia\u0142ego z\u0142ota, o wadze 70,12 grama. Wysoko\u015b\u0107 wisiorka wynosi oko\u0142o 40 mm. \u015arodkowa cz\u0119\u015b\u0107 jest czerniona<\/p>\n<p>_x000D_<\/p>\n","protected":false},"excerpt":{"rendered":"<p>Wisiorek z m\u0142otem Thora, wykonany z bia\u0142ego z\u0142ota, o wadze 70,12 grama. Wysoko\u015b\u0107 wisiorka wynosi oko\u0142o 40 mm. \u015arodkowa cz\u0119\u015b\u0107 jest czerniona _x000D_<\/p>\n","protected":false},"featured_media":47108,"template":"","meta":{"_acf_changed":false},"product_brand":[],"product_cat":[563,568],"product_tag":[],"class_list":{"0":"post-47107","1":"product","2":"type-product","3":"status-publish","4":"has-post-thumbnail","6":"product_cat-gold-pendants-pl","7":"product_cat-without-inserts-2-pl","9":"first","10":"instock","11":"product-type-simple"},"acf":[],"_links":{"self":[{"href":"https:\/\/zl.jewelry\/pl\/wp-json\/wp\/v2\/product\/47107","targetHints":{"allow":["GET"]}}],"collection":[{"href":"https:\/\/zl.jewelry\/pl\/wp-json\/wp\/v2\/product"}],"about":[{"href":"https:\/\/zl.jewelry\/pl\/wp-json\/wp\/v2\/types\/product"}],"wp:featuredmedia":[{"embeddable":true,"href":"https:\/\/zl.jewelry\/pl\/wp-json\/wp\/v2\/media\/47108"}],"wp:attachment":[{"href":"https:\/\/zl.jewelry\/pl\/wp-json\/wp\/v2\/media?parent=47107"}],"wp:term":[{"taxonomy":"product_brand","embeddable":true,"href":"https:\/\/zl.jewelry\/pl\/wp-json\/wp\/v2\/product_brand?post=47107"},{"taxonomy":"product_cat","embeddable":true,"href":"https:\/\/zl.jewelry\/pl\/wp-json\/wp\/v2\/product_cat?post=47107"},{"taxonomy":"product_tag","embeddable":true,"href":"https:\/\/zl.jewelry\/pl\/wp-json\/wp\/v2\/product_tag?post=47107"}],"curies":[{"name":"wp","href":"https:\/\/api.w.org\/{rel}","templated":true}]}}