{"id":47105,"date":"2025-06-18T10:51:56","date_gmt":"2025-06-18T10:51:56","guid":{"rendered":"https:\/\/zl.jewelry\/product\/six-pointed-star-pendant\/"},"modified":"2025-09-26T18:23:22","modified_gmt":"2025-09-26T18:23:22","slug":"six-pointed-star-pendant","status":"publish","type":"product","link":"https:\/\/zl.jewelry\/pl\/product\/six-pointed-star-pendant\/","title":{"rendered":"Wisiorek &#8222;Sze\u015bcioramienna gwiazda&#8221;"},"content":{"rendered":"<p>Wisiorek z czerwonego z\u0142ota, w kszta\u0142cie sze\u015bcioramiennej gwiazdy. Waga z\u0142ota zale\u017cy od rozmiapl bi\u017cuterii, przy \u015brednicy 40 mm waga z\u0142ota wynosi 23,69 grama. Wz\u00f3r mo\u017ce zosta\u0107 zmieniony zgodnie z \u017cyczeniem klienta.<\/p>\n","protected":false},"excerpt":{"rendered":"<p>Wisiorek z czerwonego z\u0142ota, w kszta\u0142cie sze\u015bcioramiennej gwiazdy. Waga z\u0142ota zale\u017cy od rozmiapl bi\u017cuterii, przy \u015brednicy 40 mm waga z\u0142ota wynosi 23,69 grama. Wz\u00f3r mo\u017ce zosta\u0107 zmieniony zgodnie z \u017cyczeniem klienta.<\/p>\n","protected":false},"featured_media":47106,"template":"","meta":{"_acf_changed":false},"product_brand":[],"product_cat":[563,568],"product_tag":[],"class_list":{"0":"post-47105","1":"product","2":"type-product","3":"status-publish","4":"has-post-thumbnail","6":"product_cat-gold-pendants-pl","7":"product_cat-without-inserts-2-pl","9":"first","10":"instock","11":"product-type-simple"},"acf":[],"_links":{"self":[{"href":"https:\/\/zl.jewelry\/pl\/wp-json\/wp\/v2\/product\/47105","targetHints":{"allow":["GET"]}}],"collection":[{"href":"https:\/\/zl.jewelry\/pl\/wp-json\/wp\/v2\/product"}],"about":[{"href":"https:\/\/zl.jewelry\/pl\/wp-json\/wp\/v2\/types\/product"}],"wp:featuredmedia":[{"embeddable":true,"href":"https:\/\/zl.jewelry\/pl\/wp-json\/wp\/v2\/media\/47106"}],"wp:attachment":[{"href":"https:\/\/zl.jewelry\/pl\/wp-json\/wp\/v2\/media?parent=47105"}],"wp:term":[{"taxonomy":"product_brand","embeddable":true,"href":"https:\/\/zl.jewelry\/pl\/wp-json\/wp\/v2\/product_brand?post=47105"},{"taxonomy":"product_cat","embeddable":true,"href":"https:\/\/zl.jewelry\/pl\/wp-json\/wp\/v2\/product_cat?post=47105"},{"taxonomy":"product_tag","embeddable":true,"href":"https:\/\/zl.jewelry\/pl\/wp-json\/wp\/v2\/product_tag?post=47105"}],"curies":[{"name":"wp","href":"https:\/\/api.w.org\/{rel}","templated":true}]}}