{"id":47095,"date":"2025-06-18T10:51:56","date_gmt":"2025-06-18T10:51:56","guid":{"rendered":"https:\/\/zl.jewelry\/product\/lion-pendant-on-a-tree\/"},"modified":"2025-09-26T18:23:21","modified_gmt":"2025-09-26T18:23:21","slug":"lion-pendant-on-a-tree","status":"publish","type":"product","link":"https:\/\/zl.jewelry\/pl\/product\/lion-pendant-on-a-tree\/","title":{"rendered":"Wisiorek &#8222;Lew&#8221; na drzewie"},"content":{"rendered":"<p>Wisiorek z czerwonego z\u0142ota, na drewnianej kasetce, waga z\u0142ota 11,10 grama. Na przedniej stronie z\u0142oty element centralny z wizeplnkiem lwa. Na rewersie, na drewnie przedstawiona jest konstelacja lwa. Na drewnianej obudowie od przodu na okr\u0119gu przedstawiono wz&oacute;r. Ucho na drewnianej podstawie z wzorami, z\u0142ote wyko\u0144czenia na ko\u0144cach. \u015arednica drewnianej podstawy 32.00mm.&nbsp;<\/p>\n<p>_x000D_<\/p>\n","protected":false},"excerpt":{"rendered":"<p>Wisiorek z czerwonego z\u0142ota, na drewnianej kasetce, waga z\u0142ota 11,10 grama. Na przedniej stronie z\u0142oty element centralny z wizeplnkiem lwa. Na rewersie, na drewnie przedstawiona jest konstelacja lwa. Na drewnianej obudowie od przodu na okr\u0119gu przedstawiono wz&oacute;r. Ucho na drewnianej podstawie z wzorami, z\u0142ote wyko\u0144czenia na ko\u0144cach. \u015arednica drewnianej podstawy 32.00mm.&nbsp; _x000D_<\/p>\n","protected":false},"featured_media":47096,"template":"","meta":{"_acf_changed":false},"product_brand":[],"product_cat":[563,568],"product_tag":[],"class_list":{"0":"post-47095","1":"product","2":"type-product","3":"status-publish","4":"has-post-thumbnail","6":"product_cat-gold-pendants-pl","7":"product_cat-without-inserts-2-pl","9":"first","10":"instock","11":"product-type-simple"},"acf":[],"_links":{"self":[{"href":"https:\/\/zl.jewelry\/pl\/wp-json\/wp\/v2\/product\/47095","targetHints":{"allow":["GET"]}}],"collection":[{"href":"https:\/\/zl.jewelry\/pl\/wp-json\/wp\/v2\/product"}],"about":[{"href":"https:\/\/zl.jewelry\/pl\/wp-json\/wp\/v2\/types\/product"}],"wp:featuredmedia":[{"embeddable":true,"href":"https:\/\/zl.jewelry\/pl\/wp-json\/wp\/v2\/media\/47096"}],"wp:attachment":[{"href":"https:\/\/zl.jewelry\/pl\/wp-json\/wp\/v2\/media?parent=47095"}],"wp:term":[{"taxonomy":"product_brand","embeddable":true,"href":"https:\/\/zl.jewelry\/pl\/wp-json\/wp\/v2\/product_brand?post=47095"},{"taxonomy":"product_cat","embeddable":true,"href":"https:\/\/zl.jewelry\/pl\/wp-json\/wp\/v2\/product_cat?post=47095"},{"taxonomy":"product_tag","embeddable":true,"href":"https:\/\/zl.jewelry\/pl\/wp-json\/wp\/v2\/product_tag?post=47095"}],"curies":[{"name":"wp","href":"https:\/\/api.w.org\/{rel}","templated":true}]}}