{"id":47091,"date":"2025-06-18T10:51:56","date_gmt":"2025-06-18T10:51:56","guid":{"rendered":"https:\/\/zl.jewelry\/product\/heartbeat-patterns-pendant\/"},"modified":"2025-09-26T18:23:20","modified_gmt":"2025-09-26T18:23:20","slug":"heartbeat-patterns-pendant","status":"publish","type":"product","link":"https:\/\/zl.jewelry\/pl\/product\/heartbeat-patterns-pendant\/","title":{"rendered":"Wisiorek &#8222;Wzory bicia serca&#8221;"},"content":{"rendered":"<p>Zawieszka z czerwonego z\u0142ota pr\u00f3by 585*, waga z\u0142ota 7,82 grama. Wstawione diamenty, \u015brednica 1.5mm &#8211; 2 sztuki, 2mm &#8211; 2 sztuki, 1.75mm &#8211; 4 sztuki, 1.25mm &#8211; 8 sztuk. D\u0142ugo\u015b\u0107 wisiorka z uszkiem wynosi 30mm.<\/p>\n","protected":false},"excerpt":{"rendered":"<p>Zawieszka z czerwonego z\u0142ota pr\u00f3by 585*, waga z\u0142ota 7,82 grama. Wstawione diamenty, \u015brednica 1.5mm &#8211; 2 sztuki, 2mm &#8211; 2 sztuki, 1.75mm &#8211; 4 sztuki, 1.25mm &#8211; 8 sztuk. D\u0142ugo\u015b\u0107 wisiorka z uszkiem wynosi 30mm.<\/p>\n","protected":false},"featured_media":47092,"template":"","meta":{"_acf_changed":false},"product_brand":[],"product_cat":[567,566,570,563],"product_tag":[],"class_list":{"0":"post-47091","1":"product","2":"type-product","3":"status-publish","4":"has-post-thumbnail","6":"product_cat-with-diamonds-2-pl","7":"product_cat-with-cubic-zirconia-2-pl","8":"product_cat-with-rocks-2-pl","9":"product_cat-gold-pendants-pl","11":"first","12":"instock","13":"product-type-simple"},"acf":[],"_links":{"self":[{"href":"https:\/\/zl.jewelry\/pl\/wp-json\/wp\/v2\/product\/47091","targetHints":{"allow":["GET"]}}],"collection":[{"href":"https:\/\/zl.jewelry\/pl\/wp-json\/wp\/v2\/product"}],"about":[{"href":"https:\/\/zl.jewelry\/pl\/wp-json\/wp\/v2\/types\/product"}],"wp:featuredmedia":[{"embeddable":true,"href":"https:\/\/zl.jewelry\/pl\/wp-json\/wp\/v2\/media\/47092"}],"wp:attachment":[{"href":"https:\/\/zl.jewelry\/pl\/wp-json\/wp\/v2\/media?parent=47091"}],"wp:term":[{"taxonomy":"product_brand","embeddable":true,"href":"https:\/\/zl.jewelry\/pl\/wp-json\/wp\/v2\/product_brand?post=47091"},{"taxonomy":"product_cat","embeddable":true,"href":"https:\/\/zl.jewelry\/pl\/wp-json\/wp\/v2\/product_cat?post=47091"},{"taxonomy":"product_tag","embeddable":true,"href":"https:\/\/zl.jewelry\/pl\/wp-json\/wp\/v2\/product_tag?post=47091"}],"curies":[{"name":"wp","href":"https:\/\/api.w.org\/{rel}","templated":true}]}}