{"id":47089,"date":"2025-06-18T10:51:56","date_gmt":"2025-06-18T10:51:56","guid":{"rendered":"https:\/\/zl.jewelry\/product\/matchstick-pendant-set-with-diamonds\/"},"modified":"2025-09-26T18:23:20","modified_gmt":"2025-09-26T18:23:20","slug":"matchstick-pendant-set-with-diamonds","status":"publish","type":"product","link":"https:\/\/zl.jewelry\/pl\/product\/matchstick-pendant-set-with-diamonds\/","title":{"rendered":"Wisiorek &#8222;Zapa\u0142ka&#8221; z diamentami"},"content":{"rendered":"<p>Wisiorek ma form\u0119 zapa\u0142ki, w kolorze czerwonego z\u0142ota, a g\u00f3rna cz\u0119\u015b\u0107 jest pokryta bia\u0142ym rodem. Wysoko\u015b\u0107 zapa\u0142ki wynosi 50 mm. Na g\u00f3rze wisiorka znajduj\u0105 si\u0119 kamienie Swarovskiego o przybli\u017conej \u015brednicy 1,25 mm (50 sztuk). Waga wisiorka wynosi 3,63 grama.<\/p>\n","protected":false},"excerpt":{"rendered":"<p>Wisiorek ma form\u0119 zapa\u0142ki, w kolorze czerwonego z\u0142ota, a g\u00f3rna cz\u0119\u015b\u0107 jest pokryta bia\u0142ym rodem. Wysoko\u015b\u0107 zapa\u0142ki wynosi 50 mm. Na g\u00f3rze wisiorka znajduj\u0105 si\u0119 kamienie Swarovskiego o przybli\u017conej \u015brednicy 1,25 mm (50 sztuk). Waga wisiorka wynosi 3,63 grama.<\/p>\n","protected":false},"featured_media":59887,"template":"","meta":{"_acf_changed":false},"product_brand":[],"product_cat":[563,566,567,570],"product_tag":[],"class_list":{"0":"post-47089","1":"product","2":"type-product","3":"status-publish","4":"has-post-thumbnail","6":"product_cat-gold-pendants-pl","7":"product_cat-with-cubic-zirconia-2-pl","8":"product_cat-with-diamonds-2-pl","9":"product_cat-with-rocks-2-pl","11":"first","12":"instock","13":"product-type-simple"},"acf":[],"_links":{"self":[{"href":"https:\/\/zl.jewelry\/pl\/wp-json\/wp\/v2\/product\/47089","targetHints":{"allow":["GET"]}}],"collection":[{"href":"https:\/\/zl.jewelry\/pl\/wp-json\/wp\/v2\/product"}],"about":[{"href":"https:\/\/zl.jewelry\/pl\/wp-json\/wp\/v2\/types\/product"}],"wp:featuredmedia":[{"embeddable":true,"href":"https:\/\/zl.jewelry\/pl\/wp-json\/wp\/v2\/media\/59887"}],"wp:attachment":[{"href":"https:\/\/zl.jewelry\/pl\/wp-json\/wp\/v2\/media?parent=47089"}],"wp:term":[{"taxonomy":"product_brand","embeddable":true,"href":"https:\/\/zl.jewelry\/pl\/wp-json\/wp\/v2\/product_brand?post=47089"},{"taxonomy":"product_cat","embeddable":true,"href":"https:\/\/zl.jewelry\/pl\/wp-json\/wp\/v2\/product_cat?post=47089"},{"taxonomy":"product_tag","embeddable":true,"href":"https:\/\/zl.jewelry\/pl\/wp-json\/wp\/v2\/product_tag?post=47089"}],"curies":[{"name":"wp","href":"https:\/\/api.w.org\/{rel}","templated":true}]}}