{"id":47087,"date":"2025-06-18T10:51:56","date_gmt":"2025-06-18T10:51:56","guid":{"rendered":"https:\/\/zl.jewelry\/product\/justice-pendant\/"},"modified":"2025-09-26T18:23:20","modified_gmt":"2025-09-26T18:23:20","slug":"justice-pendant","status":"publish","type":"product","link":"https:\/\/zl.jewelry\/pl\/product\/justice-pendant\/","title":{"rendered":"Wisiorek &#8222;Sprawiedliwo\u015b\u0107&#8221;"},"content":{"rendered":"<p>Wisiorek z czerwonego z\u0142ota, w formie tarczy. Waga z\u0142ota 7,55. Na przedniej stronie, w centplm znajduje si\u0119 wizeplnek Temidy z bia\u0142ego z\u0142ota, pokryty rodem. Z ty\u0142u znajduje si\u0119 napis w j\u0119zyku ukrai\u0144skim &quot;Zavzhdi virnykh rishen&quot;. Wysoko\u015b\u0107 wisiorka bez uszka wynosi 25 mm.<\/p>\n","protected":false},"excerpt":{"rendered":"<p>Wisiorek z czerwonego z\u0142ota, w formie tarczy. Waga z\u0142ota 7,55. Na przedniej stronie, w centplm znajduje si\u0119 wizeplnek Temidy z bia\u0142ego z\u0142ota, pokryty rodem. Z ty\u0142u znajduje si\u0119 napis w j\u0119zyku ukrai\u0144skim &quot;Zavzhdi virnykh rishen&quot;. Wysoko\u015b\u0107 wisiorka bez uszka wynosi 25 mm.<\/p>\n","protected":false},"featured_media":47088,"template":"","meta":{"_acf_changed":false},"product_brand":[],"product_cat":[563,568],"product_tag":[],"class_list":{"0":"post-47087","1":"product","2":"type-product","3":"status-publish","4":"has-post-thumbnail","6":"product_cat-gold-pendants-pl","7":"product_cat-without-inserts-2-pl","9":"first","10":"instock","11":"product-type-simple"},"acf":[],"_links":{"self":[{"href":"https:\/\/zl.jewelry\/pl\/wp-json\/wp\/v2\/product\/47087","targetHints":{"allow":["GET"]}}],"collection":[{"href":"https:\/\/zl.jewelry\/pl\/wp-json\/wp\/v2\/product"}],"about":[{"href":"https:\/\/zl.jewelry\/pl\/wp-json\/wp\/v2\/types\/product"}],"wp:featuredmedia":[{"embeddable":true,"href":"https:\/\/zl.jewelry\/pl\/wp-json\/wp\/v2\/media\/47088"}],"wp:attachment":[{"href":"https:\/\/zl.jewelry\/pl\/wp-json\/wp\/v2\/media?parent=47087"}],"wp:term":[{"taxonomy":"product_brand","embeddable":true,"href":"https:\/\/zl.jewelry\/pl\/wp-json\/wp\/v2\/product_brand?post=47087"},{"taxonomy":"product_cat","embeddable":true,"href":"https:\/\/zl.jewelry\/pl\/wp-json\/wp\/v2\/product_cat?post=47087"},{"taxonomy":"product_tag","embeddable":true,"href":"https:\/\/zl.jewelry\/pl\/wp-json\/wp\/v2\/product_tag?post=47087"}],"curies":[{"name":"wp","href":"https:\/\/api.w.org\/{rel}","templated":true}]}}