{"id":47079,"date":"2025-06-18T10:52:04","date_gmt":"2025-06-18T10:52:04","guid":{"rendered":"https:\/\/zl.jewelry\/product\/ring-case-arrow-of-cupid\/"},"modified":"2025-09-26T18:23:28","modified_gmt":"2025-09-26T18:23:28","slug":"ring-case-arrow-of-cupid","status":"publish","type":"product","link":"https:\/\/zl.jewelry\/pl\/product\/ring-case-arrow-of-cupid\/","title":{"rendered":"Pier\u015bcionek &#8222;Strza\u0142a Kupidyna&#8221;"},"content":{"rendered":"<p>Pier\u015bcionek transformatorowy z bia\u0142ego i czerwonego z\u0142ota. Waga r\u00f3\u017cni si\u0119 w zale\u017cno\u015bci od rozmiapl. W rozmiarze 16 masa z\u0142ota w pier\u015bcionku wynosi 6,85 grama. Podstawa koperty i pier\u015bcie\u0144 s\u0105 wykonane z czerwonego z\u0142ota. Na pier\u015bcionku &#8211; podstawa z czerwonego z\u0142ota, rodowana wk\u0142adka i odlew z bia\u0142ego z\u0142ota. Wstawki z kamieniami Swarovskiego (mo\u017cna umie\u015bci\u0107 dowolne na \u017cyczenie klienta), \u015brednica 4mm (1szt); 1,5mm (18szt); 2mm (10szt).<\/p>\n","protected":false},"excerpt":{"rendered":"<p>Pier\u015bcionek transformatorowy z bia\u0142ego i czerwonego z\u0142ota. Waga r\u00f3\u017cni si\u0119 w zale\u017cno\u015bci od rozmiapl. W rozmiarze 16 masa z\u0142ota w pier\u015bcionku wynosi 6,85 grama. Podstawa koperty i pier\u015bcie\u0144 s\u0105 wykonane z czerwonego z\u0142ota. Na pier\u015bcionku &#8211; podstawa z czerwonego z\u0142ota, rodowana wk\u0142adka i odlew z bia\u0142ego z\u0142ota. Wstawki z kamieniami Swarovskiego (mo\u017cna umie\u015bci\u0107 dowolne na&#8230;<\/p>\n","protected":false},"featured_media":49353,"template":"","meta":{"_acf_changed":false},"product_brand":[],"product_cat":[514,519,522],"product_tag":[],"class_list":{"0":"post-47079","1":"product","2":"type-product","3":"status-publish","4":"has-post-thumbnail","6":"product_cat-golden-rings-pl","7":"product_cat-rings-with-diamonds-pl","8":"product_cat-with-rocks-pl","10":"first","11":"instock","12":"product-type-simple"},"acf":[],"_links":{"self":[{"href":"https:\/\/zl.jewelry\/pl\/wp-json\/wp\/v2\/product\/47079","targetHints":{"allow":["GET"]}}],"collection":[{"href":"https:\/\/zl.jewelry\/pl\/wp-json\/wp\/v2\/product"}],"about":[{"href":"https:\/\/zl.jewelry\/pl\/wp-json\/wp\/v2\/types\/product"}],"wp:featuredmedia":[{"embeddable":true,"href":"https:\/\/zl.jewelry\/pl\/wp-json\/wp\/v2\/media\/49353"}],"wp:attachment":[{"href":"https:\/\/zl.jewelry\/pl\/wp-json\/wp\/v2\/media?parent=47079"}],"wp:term":[{"taxonomy":"product_brand","embeddable":true,"href":"https:\/\/zl.jewelry\/pl\/wp-json\/wp\/v2\/product_brand?post=47079"},{"taxonomy":"product_cat","embeddable":true,"href":"https:\/\/zl.jewelry\/pl\/wp-json\/wp\/v2\/product_cat?post=47079"},{"taxonomy":"product_tag","embeddable":true,"href":"https:\/\/zl.jewelry\/pl\/wp-json\/wp\/v2\/product_tag?post=47079"}],"curies":[{"name":"wp","href":"https:\/\/api.w.org\/{rel}","templated":true}]}}