{"id":47075,"date":"2025-06-18T10:52:04","date_gmt":"2025-06-18T10:52:04","guid":{"rendered":"https:\/\/zl.jewelry\/product\/cross-northern-lights\/"},"modified":"2025-09-26T18:23:28","modified_gmt":"2025-09-26T18:23:28","slug":"cross-northern-lights","status":"publish","type":"product","link":"https:\/\/zl.jewelry\/pl\/product\/cross-northern-lights\/","title":{"rendered":"Krzy\u017c &#8222;Zorza polarna&#8221;"},"content":{"rendered":"<p>Oryginalny krzy\u017c wykonany z bia\u0142ego z\u0142ota i pokryty ciemnoniebiesk\u0105 emali\u0105. Na przedniej stronie znajduje si\u0119 kplcyfiks w centplm, a na kraw\u0119dziach i ko\u0144cach znajduj\u0105 si\u0119 kamienie o \u015brednicy 2 mm i 1,25 mm. Na tylnej stronie w centplm umieszczona jest tabliczka z napisem &quot;Save &#038; Preserve&quot; i u\u0142o\u017conymi wzorami wok\u00f3\u0142 kraw\u0119dzi krzy\u017ca. Waga zale\u017cy od wymiar\u00f3w bi\u017cuterii, przy wysoko\u015bci 55 mm waga z\u0142ota wynosi 29,01 grama. Wz\u00f3r mo\u017ce zosta\u0107 zmieniony zgodnie z \u017cyczeniem klienta.<\/p>\n","protected":false},"excerpt":{"rendered":"<p>Oryginalny krzy\u017c wykonany z bia\u0142ego z\u0142ota i pokryty ciemnoniebiesk\u0105 emali\u0105. Na przedniej stronie znajduje si\u0119 kplcyfiks w centplm, a na kraw\u0119dziach i ko\u0144cach znajduj\u0105 si\u0119 kamienie o \u015brednicy 2 mm i 1,25 mm. Na tylnej stronie w centplm umieszczona jest tabliczka z napisem &quot;Save &#038; Preserve&quot; i u\u0142o\u017conymi wzorami wok\u00f3\u0142 kraw\u0119dzi krzy\u017ca. Waga zale\u017cy od&#8230;<\/p>\n","protected":false},"featured_media":35939,"template":"","meta":{"_acf_changed":false},"product_brand":[],"product_cat":[504,506,507,509,510,512],"product_tag":[],"class_list":{"0":"post-47075","1":"product","2":"type-product","3":"status-publish","4":"has-post-thumbnail","6":"product_cat-golden-crosses-pl","7":"product_cat-crosses-with-stones-pl","8":"product_cat-exclusive-golden-handmade-crosses-pl","9":"product_cat-made-of-white-gold-pl","10":"product_cat-mens-crosses-pl","11":"product_cat-with-diamonds-pl","13":"first","14":"instock","15":"product-type-simple"},"acf":[],"_links":{"self":[{"href":"https:\/\/zl.jewelry\/pl\/wp-json\/wp\/v2\/product\/47075","targetHints":{"allow":["GET"]}}],"collection":[{"href":"https:\/\/zl.jewelry\/pl\/wp-json\/wp\/v2\/product"}],"about":[{"href":"https:\/\/zl.jewelry\/pl\/wp-json\/wp\/v2\/types\/product"}],"wp:featuredmedia":[{"embeddable":true,"href":"https:\/\/zl.jewelry\/pl\/wp-json\/wp\/v2\/media\/35939"}],"wp:attachment":[{"href":"https:\/\/zl.jewelry\/pl\/wp-json\/wp\/v2\/media?parent=47075"}],"wp:term":[{"taxonomy":"product_brand","embeddable":true,"href":"https:\/\/zl.jewelry\/pl\/wp-json\/wp\/v2\/product_brand?post=47075"},{"taxonomy":"product_cat","embeddable":true,"href":"https:\/\/zl.jewelry\/pl\/wp-json\/wp\/v2\/product_cat?post=47075"},{"taxonomy":"product_tag","embeddable":true,"href":"https:\/\/zl.jewelry\/pl\/wp-json\/wp\/v2\/product_tag?post=47075"}],"curies":[{"name":"wp","href":"https:\/\/api.w.org\/{rel}","templated":true}]}}