{"id":47073,"date":"2025-06-18T10:52:04","date_gmt":"2025-06-18T10:52:04","guid":{"rendered":"https:\/\/zl.jewelry\/product\/wedding-ring-kiss-of-aphrodite\/"},"modified":"2025-09-26T18:23:27","modified_gmt":"2025-09-26T18:23:27","slug":"wedding-ring-kiss-of-aphrodite","status":"publish","type":"product","link":"https:\/\/zl.jewelry\/pl\/product\/wedding-ring-kiss-of-aphrodite\/","title":{"rendered":"Obr\u0105czka \u015blubna &#8222;Poca\u0142unek Afrodyty&#8221;"},"content":{"rendered":"","protected":false},"excerpt":{"rendered":"","protected":false},"featured_media":47074,"template":"","meta":{"_acf_changed":false},"product_brand":[],"product_cat":[528,533,537,535,531],"product_tag":[],"class_list":{"0":"post-47073","1":"product","2":"type-product","3":"status-publish","4":"has-post-thumbnail","6":"product_cat-wedding-rings-pl","7":"product_cat-red-gold-wedding-rings-pl","8":"product_cat-with-rocks-4-pl","9":"product_cat-wedding-rings-with-diamonds-pl","10":"product_cat-elite-wedding-rings-pl","12":"first","13":"instock","14":"product-type-simple"},"acf":[],"_links":{"self":[{"href":"https:\/\/zl.jewelry\/pl\/wp-json\/wp\/v2\/product\/47073","targetHints":{"allow":["GET"]}}],"collection":[{"href":"https:\/\/zl.jewelry\/pl\/wp-json\/wp\/v2\/product"}],"about":[{"href":"https:\/\/zl.jewelry\/pl\/wp-json\/wp\/v2\/types\/product"}],"wp:featuredmedia":[{"embeddable":true,"href":"https:\/\/zl.jewelry\/pl\/wp-json\/wp\/v2\/media\/47074"}],"wp:attachment":[{"href":"https:\/\/zl.jewelry\/pl\/wp-json\/wp\/v2\/media?parent=47073"}],"wp:term":[{"taxonomy":"product_brand","embeddable":true,"href":"https:\/\/zl.jewelry\/pl\/wp-json\/wp\/v2\/product_brand?post=47073"},{"taxonomy":"product_cat","embeddable":true,"href":"https:\/\/zl.jewelry\/pl\/wp-json\/wp\/v2\/product_cat?post=47073"},{"taxonomy":"product_tag","embeddable":true,"href":"https:\/\/zl.jewelry\/pl\/wp-json\/wp\/v2\/product_tag?post=47073"}],"curies":[{"name":"wp","href":"https:\/\/api.w.org\/{rel}","templated":true}]}}