{"id":47047,"date":"2025-06-18T10:52:04","date_gmt":"2025-06-18T10:52:04","guid":{"rendered":"https:\/\/zl.jewelry\/product\/cross-neoclassic\/"},"modified":"2025-09-26T18:23:25","modified_gmt":"2025-09-26T18:23:25","slug":"cross-neoclassic","status":"publish","type":"product","link":"https:\/\/zl.jewelry\/pl\/product\/cross-neoclassic\/","title":{"rendered":"Krzy\u017c  &#8222;Neoklasyczny&#8221;"},"content":{"rendered":"<p>Krzy\u017c z czerwonego z\u0142ota o wadze 10,66 grama. Z przodu krzy\u017cyk pokryty czarn\u0105 emali\u0105, w \u015brodku Jezus z bia\u0142ego z\u0142ota, pokryty rodem. Na rewersie napis &quot;Save and Preserve&quot;.&nbsp; Wysoko\u015b\u0107 krzy\u017cyka wynosi 40 mm bez uszka. Wk\u0142adki fianitowe, \u015brednica 3,5 mm (4 szt.), na \u017cyczenie klienta mo\u017cna osadzi\u0107 dowolne kamienie.<\/p>\n<p>_x000D_<\/p>\n","protected":false},"excerpt":{"rendered":"<p>Krzy\u017c z czerwonego z\u0142ota o wadze 10,66 grama. Z przodu krzy\u017cyk pokryty czarn\u0105 emali\u0105, w \u015brodku Jezus z bia\u0142ego z\u0142ota, pokryty rodem. Na rewersie napis &quot;Save and Preserve&quot;.&nbsp; Wysoko\u015b\u0107 krzy\u017cyka wynosi 40 mm bez uszka. Wk\u0142adki fianitowe, \u015brednica 3,5 mm (4 szt.), na \u017cyczenie klienta mo\u017cna osadzi\u0107 dowolne kamienie. _x000D_<\/p>\n","protected":false},"featured_media":47048,"template":"","meta":{"_acf_changed":false},"product_brand":[],"product_cat":[504,510,513],"product_tag":[],"class_list":{"0":"post-47047","1":"product","2":"type-product","3":"status-publish","4":"has-post-thumbnail","6":"product_cat-golden-crosses-pl","7":"product_cat-mens-crosses-pl","8":"product_cat-womens-crosses-pl","10":"first","11":"instock","12":"product-type-simple"},"acf":[],"_links":{"self":[{"href":"https:\/\/zl.jewelry\/pl\/wp-json\/wp\/v2\/product\/47047","targetHints":{"allow":["GET"]}}],"collection":[{"href":"https:\/\/zl.jewelry\/pl\/wp-json\/wp\/v2\/product"}],"about":[{"href":"https:\/\/zl.jewelry\/pl\/wp-json\/wp\/v2\/types\/product"}],"wp:featuredmedia":[{"embeddable":true,"href":"https:\/\/zl.jewelry\/pl\/wp-json\/wp\/v2\/media\/47048"}],"wp:attachment":[{"href":"https:\/\/zl.jewelry\/pl\/wp-json\/wp\/v2\/media?parent=47047"}],"wp:term":[{"taxonomy":"product_brand","embeddable":true,"href":"https:\/\/zl.jewelry\/pl\/wp-json\/wp\/v2\/product_brand?post=47047"},{"taxonomy":"product_cat","embeddable":true,"href":"https:\/\/zl.jewelry\/pl\/wp-json\/wp\/v2\/product_cat?post=47047"},{"taxonomy":"product_tag","embeddable":true,"href":"https:\/\/zl.jewelry\/pl\/wp-json\/wp\/v2\/product_tag?post=47047"}],"curies":[{"name":"wp","href":"https:\/\/api.w.org\/{rel}","templated":true}]}}