{"id":47043,"date":"2025-06-18T10:52:11","date_gmt":"2025-06-18T10:52:11","guid":{"rendered":"https:\/\/zl.jewelry\/product\/studs-power-of-fantasy\/"},"modified":"2025-09-26T18:23:32","modified_gmt":"2025-09-26T18:23:32","slug":"studs-power-of-fantasy","status":"publish","type":"product","link":"https:\/\/zl.jewelry\/pl\/product\/studs-power-of-fantasy\/","title":{"rendered":"Poussettes &#8222;Pot\u0119ga fantazji&#8221;"},"content":{"rendered":"<p>Kolczyki &#8211; kr\u0119tliki z czerwonego z\u0142ota, o wadze 3,27 grama. \u015arednica kr\u0119tlika 7 mm. Diamenty o masie 0,20 ct, \u015brednica 3,00 mm. Wok\u00f3\u0142 obsady diament\u00f3w, w skr\u0119cie znajduje si\u0119 bia\u0142a emalia.&nbsp;<\/p>\n","protected":false},"excerpt":{"rendered":"<p>Kolczyki &#8211; kr\u0119tliki z czerwonego z\u0142ota, o wadze 3,27 grama. \u015arednica kr\u0119tlika 7 mm. Diamenty o masie 0,20 ct, \u015brednica 3,00 mm. Wok\u00f3\u0142 obsady diament\u00f3w, w skr\u0119cie znajduje si\u0119 bia\u0142a emalia.&nbsp;<\/p>\n","protected":false},"featured_media":47044,"template":"","meta":{"_acf_changed":false},"product_brand":[],"product_cat":[538,545,546,548,549,550],"product_tag":[],"class_list":{"0":"post-47043","1":"product","2":"type-product","3":"status-publish","4":"has-post-thumbnail","6":"product_cat-gold-earrings-pl","7":"product_cat-earrings-up-to-5g-pl","8":"product_cat-earrings-with-diamonds-pl","9":"product_cat-earrings-with-stones-pl","10":"product_cat-studs-pl","11":"product_cat-with-cubic-zirkonia-pl","13":"first","14":"instock","15":"product-type-simple"},"acf":[],"_links":{"self":[{"href":"https:\/\/zl.jewelry\/pl\/wp-json\/wp\/v2\/product\/47043","targetHints":{"allow":["GET"]}}],"collection":[{"href":"https:\/\/zl.jewelry\/pl\/wp-json\/wp\/v2\/product"}],"about":[{"href":"https:\/\/zl.jewelry\/pl\/wp-json\/wp\/v2\/types\/product"}],"wp:featuredmedia":[{"embeddable":true,"href":"https:\/\/zl.jewelry\/pl\/wp-json\/wp\/v2\/media\/47044"}],"wp:attachment":[{"href":"https:\/\/zl.jewelry\/pl\/wp-json\/wp\/v2\/media?parent=47043"}],"wp:term":[{"taxonomy":"product_brand","embeddable":true,"href":"https:\/\/zl.jewelry\/pl\/wp-json\/wp\/v2\/product_brand?post=47043"},{"taxonomy":"product_cat","embeddable":true,"href":"https:\/\/zl.jewelry\/pl\/wp-json\/wp\/v2\/product_cat?post=47043"},{"taxonomy":"product_tag","embeddable":true,"href":"https:\/\/zl.jewelry\/pl\/wp-json\/wp\/v2\/product_tag?post=47043"}],"curies":[{"name":"wp","href":"https:\/\/api.w.org\/{rel}","templated":true}]}}