{"id":47027,"date":"2025-06-18T10:52:11","date_gmt":"2025-06-18T10:52:11","guid":{"rendered":"https:\/\/zl.jewelry\/product\/chain-heart-of-the-warrior\/"},"modified":"2025-09-26T18:23:34","modified_gmt":"2025-09-26T18:23:34","slug":"chain-heart-of-the-warrior","status":"publish","type":"product","link":"https:\/\/zl.jewelry\/pl\/product\/chain-heart-of-the-warrior\/","title":{"rendered":"\u0141a\u0144cuszek &#8222;Serce wojownika&#8221;"},"content":{"rendered":"<p>\u0141a\u0144cuszek z cytrynowego z\u0142ota pr\u00f3by 585* z bia\u0142ymi wstawkami + 5 prostok\u0105tnych wstawek z lwem. D\u0142ugo\u015b\u0107 60 cm, waga 171 gram\u00f3w (waga mo\u017ce si\u0119 r\u00f3\u017cni\u0107 w zale\u017cno\u015bci od d\u0142ugo\u015bci). Na ogniwach znak zodiaku &#8211; Panna i emaliowana pow\u0142oka, po bokach wzory z bia\u0142ego z\u0142ota. Zapi\u0119cie \u0142a\u0144cuszka jest spersonalizowane i wysadzane diamentami o \u015brednicy 3,0 mm.<\/p>\n","protected":false},"excerpt":{"rendered":"<p>\u0141a\u0144cuszek z cytrynowego z\u0142ota pr\u00f3by 585* z bia\u0142ymi wstawkami + 5 prostok\u0105tnych wstawek z lwem. D\u0142ugo\u015b\u0107 60 cm, waga 171 gram\u00f3w (waga mo\u017ce si\u0119 r\u00f3\u017cni\u0107 w zale\u017cno\u015bci od d\u0142ugo\u015bci). Na ogniwach znak zodiaku &#8211; Panna i emaliowana pow\u0142oka, po bokach wzory z bia\u0142ego z\u0142ota. Zapi\u0119cie \u0142a\u0144cuszka jest spersonalizowane i wysadzane diamentami o \u015brednicy 3,0 mm.<\/p>\n","protected":false},"featured_media":61136,"template":"","meta":{"_acf_changed":false},"product_brand":[],"product_cat":[490,492,493],"product_tag":[],"class_list":{"0":"post-47027","1":"product","2":"type-product","3":"status-publish","4":"has-post-thumbnail","6":"product_cat-gold-chains","7":"product_cat-gold-chain-from-50-gr-pl","8":"product_cat-mens-chains-pl","10":"first","11":"instock","12":"product-type-simple"},"acf":[],"_links":{"self":[{"href":"https:\/\/zl.jewelry\/pl\/wp-json\/wp\/v2\/product\/47027","targetHints":{"allow":["GET"]}}],"collection":[{"href":"https:\/\/zl.jewelry\/pl\/wp-json\/wp\/v2\/product"}],"about":[{"href":"https:\/\/zl.jewelry\/pl\/wp-json\/wp\/v2\/types\/product"}],"wp:featuredmedia":[{"embeddable":true,"href":"https:\/\/zl.jewelry\/pl\/wp-json\/wp\/v2\/media\/61136"}],"wp:attachment":[{"href":"https:\/\/zl.jewelry\/pl\/wp-json\/wp\/v2\/media?parent=47027"}],"wp:term":[{"taxonomy":"product_brand","embeddable":true,"href":"https:\/\/zl.jewelry\/pl\/wp-json\/wp\/v2\/product_brand?post=47027"},{"taxonomy":"product_cat","embeddable":true,"href":"https:\/\/zl.jewelry\/pl\/wp-json\/wp\/v2\/product_cat?post=47027"},{"taxonomy":"product_tag","embeddable":true,"href":"https:\/\/zl.jewelry\/pl\/wp-json\/wp\/v2\/product_tag?post=47027"}],"curies":[{"name":"wp","href":"https:\/\/api.w.org\/{rel}","templated":true}]}}