{"id":47023,"date":"2025-06-18T10:52:11","date_gmt":"2025-06-18T10:52:11","guid":{"rendered":"https:\/\/zl.jewelry\/product\/studs-flora\/"},"modified":"2025-09-26T18:23:34","modified_gmt":"2025-09-26T18:23:34","slug":"studs-flora","status":"publish","type":"product","link":"https:\/\/zl.jewelry\/pl\/product\/studs-flora\/","title":{"rendered":"Pusetas &#8222;Flora&#8221;"},"content":{"rendered":"<p>Kolczyki z bia\u0142ego z\u0142ota pr&oacute;by 585*, o wadze&nbsp;4,43 grama. Kolczyki s\u0105 rodowane. Zestaw diament&oacute;w:&nbsp;1mm &#8211; 8szt; 1,3mm &#8211; 32szt; 1,5mm &#8211; 16szt; 1,7mm &#8211; 16szt; 2mm &#8211; 2szt. Modele mog\u0105 by\u0107 zmieniane zgodnie z \u017cyczeniem klienta.<\/p>\n<p>_x000D_<\/p>\n","protected":false},"excerpt":{"rendered":"<p>Kolczyki z bia\u0142ego z\u0142ota pr&oacute;by 585*, o wadze&nbsp;4,43 grama. Kolczyki s\u0105 rodowane. Zestaw diament&oacute;w:&nbsp;1mm &#8211; 8szt; 1,3mm &#8211; 32szt; 1,5mm &#8211; 16szt; 1,7mm &#8211; 16szt; 2mm &#8211; 2szt. Modele mog\u0105 by\u0107 zmieniane zgodnie z \u017cyczeniem klienta. _x000D_<\/p>\n","protected":false},"featured_media":47024,"template":"","meta":{"_acf_changed":false},"product_brand":[],"product_cat":[538,545,546,548,549,550],"product_tag":[],"class_list":{"0":"post-47023","1":"product","2":"type-product","3":"status-publish","4":"has-post-thumbnail","6":"product_cat-gold-earrings-pl","7":"product_cat-earrings-up-to-5g-pl","8":"product_cat-earrings-with-diamonds-pl","9":"product_cat-earrings-with-stones-pl","10":"product_cat-studs-pl","11":"product_cat-with-cubic-zirkonia-pl","13":"first","14":"instock","15":"product-type-simple"},"acf":[],"_links":{"self":[{"href":"https:\/\/zl.jewelry\/pl\/wp-json\/wp\/v2\/product\/47023","targetHints":{"allow":["GET"]}}],"collection":[{"href":"https:\/\/zl.jewelry\/pl\/wp-json\/wp\/v2\/product"}],"about":[{"href":"https:\/\/zl.jewelry\/pl\/wp-json\/wp\/v2\/types\/product"}],"wp:featuredmedia":[{"embeddable":true,"href":"https:\/\/zl.jewelry\/pl\/wp-json\/wp\/v2\/media\/47024"}],"wp:attachment":[{"href":"https:\/\/zl.jewelry\/pl\/wp-json\/wp\/v2\/media?parent=47023"}],"wp:term":[{"taxonomy":"product_brand","embeddable":true,"href":"https:\/\/zl.jewelry\/pl\/wp-json\/wp\/v2\/product_brand?post=47023"},{"taxonomy":"product_cat","embeddable":true,"href":"https:\/\/zl.jewelry\/pl\/wp-json\/wp\/v2\/product_cat?post=47023"},{"taxonomy":"product_tag","embeddable":true,"href":"https:\/\/zl.jewelry\/pl\/wp-json\/wp\/v2\/product_tag?post=47023"}],"curies":[{"name":"wp","href":"https:\/\/api.w.org\/{rel}","templated":true}]}}