{"id":47001,"date":"2025-06-18T10:52:49","date_gmt":"2025-06-18T10:52:49","guid":{"rendered":"https:\/\/zl.jewelry\/product\/bracelet-family-2\/"},"modified":"2025-09-26T18:24:04","modified_gmt":"2025-09-26T18:24:04","slug":"bracelet-family-2","status":"publish","type":"product","link":"https:\/\/zl.jewelry\/pl\/product\/bracelet-family-2\/","title":{"rendered":"Bransoletka Rodzinna"},"content":{"rendered":"<p>Bransoletka z czerwonego z\u0142ota, na czerwonym sznurku. Waga z\u0142ota to 7 gram\u00f3w przy d\u0142ugo\u015bci 18,5. Zapi\u0119cie to pude\u0142ko o okr\u0105g\u0142ym kszta\u0142cie, wk\u0142adki s\u0105 g\u0142adkie. \u015arednica linki wynosi 2 mm, kolor czerwony.<\/p>\n","protected":false},"excerpt":{"rendered":"<p>Bransoletka z czerwonego z\u0142ota, na czerwonym sznurku. Waga z\u0142ota to 7 gram\u00f3w przy d\u0142ugo\u015bci 18,5. Zapi\u0119cie to pude\u0142ko o okr\u0105g\u0142ym kszta\u0142cie, wk\u0142adki s\u0105 g\u0142adkie. \u015arednica linki wynosi 2 mm, kolor czerwony.<\/p>\n","protected":false},"featured_media":47002,"template":"","meta":{"_acf_changed":false},"product_brand":[],"product_cat":[557,560,562],"product_tag":[],"class_list":{"0":"post-47001","1":"product","2":"type-product","3":"status-publish","4":"has-post-thumbnail","6":"product_cat-bracelets-pl","7":"product_cat-gold-bracelets-up-to-30-gr-pl","8":"product_cat-silk-bracelets-with-gold-inserts-pl","10":"first","11":"instock","12":"product-type-simple"},"acf":[],"_links":{"self":[{"href":"https:\/\/zl.jewelry\/pl\/wp-json\/wp\/v2\/product\/47001","targetHints":{"allow":["GET"]}}],"collection":[{"href":"https:\/\/zl.jewelry\/pl\/wp-json\/wp\/v2\/product"}],"about":[{"href":"https:\/\/zl.jewelry\/pl\/wp-json\/wp\/v2\/types\/product"}],"wp:featuredmedia":[{"embeddable":true,"href":"https:\/\/zl.jewelry\/pl\/wp-json\/wp\/v2\/media\/47002"}],"wp:attachment":[{"href":"https:\/\/zl.jewelry\/pl\/wp-json\/wp\/v2\/media?parent=47001"}],"wp:term":[{"taxonomy":"product_brand","embeddable":true,"href":"https:\/\/zl.jewelry\/pl\/wp-json\/wp\/v2\/product_brand?post=47001"},{"taxonomy":"product_cat","embeddable":true,"href":"https:\/\/zl.jewelry\/pl\/wp-json\/wp\/v2\/product_cat?post=47001"},{"taxonomy":"product_tag","embeddable":true,"href":"https:\/\/zl.jewelry\/pl\/wp-json\/wp\/v2\/product_tag?post=47001"}],"curies":[{"name":"wp","href":"https:\/\/api.w.org\/{rel}","templated":true}]}}