{"id":46994,"date":"2025-06-18T10:52:49","date_gmt":"2025-06-18T10:52:49","guid":{"rendered":"https:\/\/zl.jewelry\/product\/wedding-rings-spring-dance\/"},"modified":"2025-09-26T18:24:04","modified_gmt":"2025-09-26T18:24:04","slug":"wedding-rings-spring-dance","status":"publish","type":"product","link":"https:\/\/zl.jewelry\/pl\/product\/wedding-rings-spring-dance\/","title":{"rendered":"Obr\u0105czki \u015blubne &#8222;Spring Dance&#8221;"},"content":{"rendered":"<p>Pier\u015bcionki zar\u0119czynowe z czerwonego, bia\u0142ego i cytrynowego z\u0142ota. Waga r&oacute;\u017cni si\u0119 w zale\u017cno\u015bci od rozmiaru. Podstawa pier\u015bcionka damskiego z czerwonego z\u0142ota, boki z cytrynowego z\u0142ota. Kamienie 1,20 mm (32 sztuki) na podstawie, na ka\u017cdym listku, na ca\u0142ej \u015brednicy. Obr\u0105czka m\u0119ska &#8211; podstawa z bia\u0142ego rodowanego z\u0142ota, boki z cytrynowego z\u0142ota. Na podstawie, na ka\u017cdym listku, na ca\u0142ej \u015brednicy kamienie o \u015brednicy 1,20mm (40szt). Szeroko\u015b\u0107 w obr\u0105czce damskiej 7mm, w m\u0119skiej 10mm. Kamienie mog\u0105 by\u0107 osadzone dowolnie, na \u017cyczenie klienta.<\/p>\n<p>_x000D_<\/p>\n","protected":false},"excerpt":{"rendered":"<p>Pier\u015bcionki zar\u0119czynowe z czerwonego, bia\u0142ego i cytrynowego z\u0142ota. Waga r&oacute;\u017cni si\u0119 w zale\u017cno\u015bci od rozmiaru. Podstawa pier\u015bcionka damskiego z czerwonego z\u0142ota, boki z cytrynowego z\u0142ota. Kamienie 1,20 mm (32 sztuki) na podstawie, na ka\u017cdym listku, na ca\u0142ej \u015brednicy. Obr\u0105czka m\u0119ska &#8211; podstawa z bia\u0142ego rodowanego z\u0142ota, boki z cytrynowego z\u0142ota. Na podstawie, na ka\u017cdym listku,&#8230;<\/p>\n","protected":false},"featured_media":46998,"template":"","meta":{"_acf_changed":false},"product_brand":[],"product_cat":[528,530,537,535,531],"product_tag":[],"class_list":{"0":"post-46994","1":"product","2":"type-product","3":"status-publish","4":"has-post-thumbnail","6":"product_cat-wedding-rings-pl","7":"product_cat-combined-wedding-rings-pl","8":"product_cat-with-rocks-4-pl","9":"product_cat-wedding-rings-with-diamonds-pl","10":"product_cat-elite-wedding-rings-pl","12":"first","13":"instock","14":"product-type-simple"},"acf":[],"_links":{"self":[{"href":"https:\/\/zl.jewelry\/pl\/wp-json\/wp\/v2\/product\/46994","targetHints":{"allow":["GET"]}}],"collection":[{"href":"https:\/\/zl.jewelry\/pl\/wp-json\/wp\/v2\/product"}],"about":[{"href":"https:\/\/zl.jewelry\/pl\/wp-json\/wp\/v2\/types\/product"}],"wp:featuredmedia":[{"embeddable":true,"href":"https:\/\/zl.jewelry\/pl\/wp-json\/wp\/v2\/media\/46998"}],"wp:attachment":[{"href":"https:\/\/zl.jewelry\/pl\/wp-json\/wp\/v2\/media?parent=46994"}],"wp:term":[{"taxonomy":"product_brand","embeddable":true,"href":"https:\/\/zl.jewelry\/pl\/wp-json\/wp\/v2\/product_brand?post=46994"},{"taxonomy":"product_cat","embeddable":true,"href":"https:\/\/zl.jewelry\/pl\/wp-json\/wp\/v2\/product_cat?post=46994"},{"taxonomy":"product_tag","embeddable":true,"href":"https:\/\/zl.jewelry\/pl\/wp-json\/wp\/v2\/product_tag?post=46994"}],"curies":[{"name":"wp","href":"https:\/\/api.w.org\/{rel}","templated":true}]}}