{"id":46982,"date":"2025-06-18T10:52:49","date_gmt":"2025-06-18T10:52:49","guid":{"rendered":"https:\/\/zl.jewelry\/product\/chain-of-family-initials-d-t-m\/"},"modified":"2025-09-26T18:24:02","modified_gmt":"2025-09-26T18:24:02","slug":"chain-of-family-initials-d-t-m","status":"publish","type":"product","link":"https:\/\/zl.jewelry\/pl\/product\/chain-of-family-initials-d-t-m\/","title":{"rendered":"\u0141a\u0144cuch Inicja\u0142y Rodziny D T M"},"content":{"rendered":"<p>\u0141a\u0144cuszek z czerwonego z\u0142ota, z inicja\u0142ami na ogniwach. Ogniwa s\u0105 pokryte niello, zamek to pude\u0142ko, okr\u0105g\u0142y kszta\u0142t, z jednym zamkiem. Wz\u00f3r mo\u017ce by\u0107 zmieniony zgodnie z \u017cyczeniem klienta. Waga mo\u017ce ulec zmianie w zale\u017cno\u015bci od rozmiaru.&nbsp;<\/p>\n","protected":false},"excerpt":{"rendered":"<p>\u0141a\u0144cuszek z czerwonego z\u0142ota, z inicja\u0142ami na ogniwach. Ogniwa s\u0105 pokryte niello, zamek to pude\u0142ko, okr\u0105g\u0142y kszta\u0142t, z jednym zamkiem. Wz\u00f3r mo\u017ce by\u0107 zmieniony zgodnie z \u017cyczeniem klienta. Waga mo\u017ce ulec zmianie w zale\u017cno\u015bci od rozmiaru.&nbsp;<\/p>\n","protected":false},"featured_media":46983,"template":"","meta":{"_acf_changed":false},"product_brand":[],"product_cat":[490,495,493],"product_tag":[],"class_list":{"0":"post-46982","1":"product","2":"type-product","3":"status-publish","4":"has-post-thumbnail","6":"product_cat-gold-chains","7":"product_cat-gold-chains-up-to-50-gr-pl","8":"product_cat-mens-chains-pl","10":"first","11":"instock","12":"product-type-simple"},"acf":[],"_links":{"self":[{"href":"https:\/\/zl.jewelry\/pl\/wp-json\/wp\/v2\/product\/46982","targetHints":{"allow":["GET"]}}],"collection":[{"href":"https:\/\/zl.jewelry\/pl\/wp-json\/wp\/v2\/product"}],"about":[{"href":"https:\/\/zl.jewelry\/pl\/wp-json\/wp\/v2\/types\/product"}],"wp:featuredmedia":[{"embeddable":true,"href":"https:\/\/zl.jewelry\/pl\/wp-json\/wp\/v2\/media\/46983"}],"wp:attachment":[{"href":"https:\/\/zl.jewelry\/pl\/wp-json\/wp\/v2\/media?parent=46982"}],"wp:term":[{"taxonomy":"product_brand","embeddable":true,"href":"https:\/\/zl.jewelry\/pl\/wp-json\/wp\/v2\/product_brand?post=46982"},{"taxonomy":"product_cat","embeddable":true,"href":"https:\/\/zl.jewelry\/pl\/wp-json\/wp\/v2\/product_cat?post=46982"},{"taxonomy":"product_tag","embeddable":true,"href":"https:\/\/zl.jewelry\/pl\/wp-json\/wp\/v2\/product_tag?post=46982"}],"curies":[{"name":"wp","href":"https:\/\/api.w.org\/{rel}","templated":true}]}}