{"id":46959,"date":"2025-06-18T10:52:49","date_gmt":"2025-06-18T10:52:49","guid":{"rendered":"https:\/\/zl.jewelry\/product\/wedding-rings-combinations\/"},"modified":"2025-09-26T18:24:05","modified_gmt":"2025-09-26T18:24:05","slug":"wedding-rings-combinations","status":"publish","type":"product","link":"https:\/\/zl.jewelry\/pl\/product\/wedding-rings-combinations\/","title":{"rendered":"Obr\u0105czka \u015blubna &#8222;Kombinacja&#8221;"},"content":{"rendered":"<p>Pier\u015bcionki zar\u0119czynowe z rodowanego bia\u0142ego z\u0142ota z inkrustacj\u0105 z czerwonego z\u0142ota. Waga zale\u017cy od rozmiaru. Obr\u0105czka m\u0119ska g\u0142adka, bez wstawek z kamieni, obr\u0105czka damska z wstawkami z kamieni, \u015brednica 2,25mm (5szt).&nbsp; Szeroko\u015b\u0107 obr\u0105czki 8,5mm, grubo\u015b\u0107 obr\u0105czki 1,5mm.<\/p>\n<p>_x000D_<\/p>\n","protected":false},"excerpt":{"rendered":"<p>Pier\u015bcionki zar\u0119czynowe z rodowanego bia\u0142ego z\u0142ota z inkrustacj\u0105 z czerwonego z\u0142ota. Waga zale\u017cy od rozmiaru. Obr\u0105czka m\u0119ska g\u0142adka, bez wstawek z kamieni, obr\u0105czka damska z wstawkami z kamieni, \u015brednica 2,25mm (5szt).&nbsp; Szeroko\u015b\u0107 obr\u0105czki 8,5mm, grubo\u015b\u0107 obr\u0105czki 1,5mm. _x000D_<\/p>\n","protected":false},"featured_media":46963,"template":"","meta":{"_acf_changed":false},"product_brand":[],"product_cat":[528,530,537,535,531],"product_tag":[],"class_list":{"0":"post-46959","1":"product","2":"type-product","3":"status-publish","4":"has-post-thumbnail","6":"product_cat-wedding-rings-pl","7":"product_cat-combined-wedding-rings-pl","8":"product_cat-with-rocks-4-pl","9":"product_cat-wedding-rings-with-diamonds-pl","10":"product_cat-elite-wedding-rings-pl","12":"first","13":"instock","14":"product-type-simple"},"acf":[],"_links":{"self":[{"href":"https:\/\/zl.jewelry\/pl\/wp-json\/wp\/v2\/product\/46959","targetHints":{"allow":["GET"]}}],"collection":[{"href":"https:\/\/zl.jewelry\/pl\/wp-json\/wp\/v2\/product"}],"about":[{"href":"https:\/\/zl.jewelry\/pl\/wp-json\/wp\/v2\/types\/product"}],"wp:featuredmedia":[{"embeddable":true,"href":"https:\/\/zl.jewelry\/pl\/wp-json\/wp\/v2\/media\/46963"}],"wp:attachment":[{"href":"https:\/\/zl.jewelry\/pl\/wp-json\/wp\/v2\/media?parent=46959"}],"wp:term":[{"taxonomy":"product_brand","embeddable":true,"href":"https:\/\/zl.jewelry\/pl\/wp-json\/wp\/v2\/product_brand?post=46959"},{"taxonomy":"product_cat","embeddable":true,"href":"https:\/\/zl.jewelry\/pl\/wp-json\/wp\/v2\/product_cat?post=46959"},{"taxonomy":"product_tag","embeddable":true,"href":"https:\/\/zl.jewelry\/pl\/wp-json\/wp\/v2\/product_tag?post=46959"}],"curies":[{"name":"wp","href":"https:\/\/api.w.org\/{rel}","templated":true}]}}