{"id":46943,"date":"2025-06-18T10:52:55","date_gmt":"2025-06-18T10:52:55","guid":{"rendered":"https:\/\/zl.jewelry\/product\/wedding-rings-imprints\/"},"modified":"2025-09-26T18:24:10","modified_gmt":"2025-09-26T18:24:10","slug":"wedding-rings-imprints","status":"publish","type":"product","link":"https:\/\/zl.jewelry\/pl\/product\/wedding-rings-imprints\/","title":{"rendered":"Obr\u0105czki \u015blubne &#8222;Odciski palc\u00f3w&#8221;"},"content":{"rendered":"<p>Pier\u015bcionki zar\u0119czynowe z bia\u0142ego i czerwonego z\u0142ota. Podstaw\u0105 jest rodowane bia\u0142e z\u0142oto, a wewn\u0119trzny pier\u015bcie\u0144 jest z czerwonego z\u0142ota. Pier\u015bcionek z bia\u0142ego z\u0142ota ma wymodelowany odcisk palca na przedniej stronie i matowan\u0105 podstaw\u0119 na ca\u0142ym obwodzie. Waga z\u0142ota zale\u017cy od rozmiaru.&nbsp; Szeroko\u015b\u0107 obr\u0105czek wynosi oko\u0142o 6 mm.<\/p>\n","protected":false},"excerpt":{"rendered":"<p>Pier\u015bcionki zar\u0119czynowe z bia\u0142ego i czerwonego z\u0142ota. Podstaw\u0105 jest rodowane bia\u0142e z\u0142oto, a wewn\u0119trzny pier\u015bcie\u0144 jest z czerwonego z\u0142ota. Pier\u015bcionek z bia\u0142ego z\u0142ota ma wymodelowany odcisk palca na przedniej stronie i matowan\u0105 podstaw\u0119 na ca\u0142ym obwodzie. Waga z\u0142ota zale\u017cy od rozmiaru.&nbsp; Szeroko\u015b\u0107 obr\u0105czek wynosi oko\u0142o 6 mm.<\/p>\n","protected":false},"featured_media":46944,"template":"","meta":{"_acf_changed":false},"product_brand":[],"product_cat":[528,530],"product_tag":[],"class_list":{"0":"post-46943","1":"product","2":"type-product","3":"status-publish","4":"has-post-thumbnail","6":"product_cat-wedding-rings-pl","7":"product_cat-combined-wedding-rings-pl","9":"first","10":"instock","11":"product-type-simple"},"acf":[],"_links":{"self":[{"href":"https:\/\/zl.jewelry\/pl\/wp-json\/wp\/v2\/product\/46943","targetHints":{"allow":["GET"]}}],"collection":[{"href":"https:\/\/zl.jewelry\/pl\/wp-json\/wp\/v2\/product"}],"about":[{"href":"https:\/\/zl.jewelry\/pl\/wp-json\/wp\/v2\/types\/product"}],"wp:featuredmedia":[{"embeddable":true,"href":"https:\/\/zl.jewelry\/pl\/wp-json\/wp\/v2\/media\/46944"}],"wp:attachment":[{"href":"https:\/\/zl.jewelry\/pl\/wp-json\/wp\/v2\/media?parent=46943"}],"wp:term":[{"taxonomy":"product_brand","embeddable":true,"href":"https:\/\/zl.jewelry\/pl\/wp-json\/wp\/v2\/product_brand?post=46943"},{"taxonomy":"product_cat","embeddable":true,"href":"https:\/\/zl.jewelry\/pl\/wp-json\/wp\/v2\/product_cat?post=46943"},{"taxonomy":"product_tag","embeddable":true,"href":"https:\/\/zl.jewelry\/pl\/wp-json\/wp\/v2\/product_tag?post=46943"}],"curies":[{"name":"wp","href":"https:\/\/api.w.org\/{rel}","templated":true}]}}