{"id":46899,"date":"2025-06-18T10:52:55","date_gmt":"2025-06-18T10:52:55","guid":{"rendered":"https:\/\/zl.jewelry\/product\/wedding-rings-star-trek\/"},"modified":"2025-09-26T18:24:07","modified_gmt":"2025-09-26T18:24:07","slug":"wedding-rings-star-trek","status":"publish","type":"product","link":"https:\/\/zl.jewelry\/pl\/product\/wedding-rings-star-trek\/","title":{"rendered":"Pier\u015bcionki zar\u0119czynowe &#8222;Star Trek&#8221;"},"content":{"rendered":"<p>Pier\u015bcionki zar\u0119czynowe w po\u0142\u0105czonym kolorze z\u0142ota, czerwieni i bieli. \u015arodkowa cz\u0119\u015b\u0107 z bia\u0142ego rodowanego z\u0142ota, boki z czerwonego z\u0142ota, w \u015brodku rozrzucone kamienie, \u015brednica 2.00mm. Szeroko\u015b\u0107 obr\u0105czek wynosi 9,00 mm. Kamienie mog\u0105 by\u0107 osadzone dowolnie, zgodnie z \u017cyczeniem klienta. Na ko\u0144cach wymodelowany jest napis &quot;You`re sugar`ok&quot;, kt&oacute;ry pokryty jest czarn\u0105 emali\u0105. Zmiana rozmiaru wp\u0142ywa na wag\u0119 z\u0142ota w bi\u017cuterii.<\/p>\n<p>_x000D_<\/p>\n","protected":false},"excerpt":{"rendered":"<p>Pier\u015bcionki zar\u0119czynowe w po\u0142\u0105czonym kolorze z\u0142ota, czerwieni i bieli. \u015arodkowa cz\u0119\u015b\u0107 z bia\u0142ego rodowanego z\u0142ota, boki z czerwonego z\u0142ota, w \u015brodku rozrzucone kamienie, \u015brednica 2.00mm. Szeroko\u015b\u0107 obr\u0105czek wynosi 9,00 mm. Kamienie mog\u0105 by\u0107 osadzone dowolnie, zgodnie z \u017cyczeniem klienta. Na ko\u0144cach wymodelowany jest napis &quot;You`re sugar`ok&quot;, kt&oacute;ry pokryty jest czarn\u0105 emali\u0105. Zmiana rozmiaru wp\u0142ywa na&#8230;<\/p>\n","protected":false},"featured_media":46900,"template":"","meta":{"_acf_changed":false},"product_brand":[],"product_cat":[528,530,537,535],"product_tag":[],"class_list":{"0":"post-46899","1":"product","2":"type-product","3":"status-publish","4":"has-post-thumbnail","6":"product_cat-wedding-rings-pl","7":"product_cat-combined-wedding-rings-pl","8":"product_cat-with-rocks-4-pl","9":"product_cat-wedding-rings-with-diamonds-pl","11":"first","12":"instock","13":"product-type-simple"},"acf":[],"_links":{"self":[{"href":"https:\/\/zl.jewelry\/pl\/wp-json\/wp\/v2\/product\/46899","targetHints":{"allow":["GET"]}}],"collection":[{"href":"https:\/\/zl.jewelry\/pl\/wp-json\/wp\/v2\/product"}],"about":[{"href":"https:\/\/zl.jewelry\/pl\/wp-json\/wp\/v2\/types\/product"}],"wp:featuredmedia":[{"embeddable":true,"href":"https:\/\/zl.jewelry\/pl\/wp-json\/wp\/v2\/media\/46900"}],"wp:attachment":[{"href":"https:\/\/zl.jewelry\/pl\/wp-json\/wp\/v2\/media?parent=46899"}],"wp:term":[{"taxonomy":"product_brand","embeddable":true,"href":"https:\/\/zl.jewelry\/pl\/wp-json\/wp\/v2\/product_brand?post=46899"},{"taxonomy":"product_cat","embeddable":true,"href":"https:\/\/zl.jewelry\/pl\/wp-json\/wp\/v2\/product_cat?post=46899"},{"taxonomy":"product_tag","embeddable":true,"href":"https:\/\/zl.jewelry\/pl\/wp-json\/wp\/v2\/product_tag?post=46899"}],"curies":[{"name":"wp","href":"https:\/\/api.w.org\/{rel}","templated":true}]}}