{"id":46889,"date":"2025-06-18T10:53:01","date_gmt":"2025-06-18T10:53:01","guid":{"rendered":"https:\/\/zl.jewelry\/product\/chain-guardian-angel\/"},"modified":"2025-09-26T18:24:16","modified_gmt":"2025-09-26T18:24:16","slug":"chain-guardian-angel","status":"publish","type":"product","link":"https:\/\/zl.jewelry\/pl\/product\/chain-guardian-angel\/","title":{"rendered":"\u0141a\u0144cuch &#8222;Guardian Angel&#8221;"},"content":{"rendered":"<p>Lataj\u0105cy \u0142a\u0144cuszek w kolorze czerwonego z\u0142ota z wstawkami modlitewnymi. Modlitwy zosta\u0142y dobrane zgodnie z \u017cyczeniem klienta. Na ogniwach \u0142\u0105cz\u0105cych i wstawkach z modlitwami pow\u0142oka&nbsp;czernienie. Zamek jest pojedynczy, stylizowany na wz&oacute;r wstawek z modlitwami. Waga zmienia si\u0119 w zale\u017cno\u015bci od rozmiaru. Wz&oacute;r mo\u017ce by\u0107 zmieniony zgodnie z \u017cyczeniem klienta.<\/p>\n<p>_x000D_<\/p>\n","protected":false},"excerpt":{"rendered":"<p>Lataj\u0105cy \u0142a\u0144cuszek w kolorze czerwonego z\u0142ota z wstawkami modlitewnymi. Modlitwy zosta\u0142y dobrane zgodnie z \u017cyczeniem klienta. Na ogniwach \u0142\u0105cz\u0105cych i wstawkach z modlitwami pow\u0142oka&nbsp;czernienie. Zamek jest pojedynczy, stylizowany na wz&oacute;r wstawek z modlitwami. Waga zmienia si\u0119 w zale\u017cno\u015bci od rozmiaru. Wz&oacute;r mo\u017ce by\u0107 zmieniony zgodnie z \u017cyczeniem klienta. _x000D_<\/p>\n","protected":false},"featured_media":46890,"template":"","meta":{"_acf_changed":false},"product_brand":[],"product_cat":[490,492,493],"product_tag":[],"class_list":{"0":"post-46889","1":"product","2":"type-product","3":"status-publish","4":"has-post-thumbnail","6":"product_cat-gold-chains","7":"product_cat-gold-chain-from-50-gr-pl","8":"product_cat-mens-chains-pl","10":"first","11":"instock","12":"product-type-simple"},"acf":[],"_links":{"self":[{"href":"https:\/\/zl.jewelry\/pl\/wp-json\/wp\/v2\/product\/46889","targetHints":{"allow":["GET"]}}],"collection":[{"href":"https:\/\/zl.jewelry\/pl\/wp-json\/wp\/v2\/product"}],"about":[{"href":"https:\/\/zl.jewelry\/pl\/wp-json\/wp\/v2\/types\/product"}],"wp:featuredmedia":[{"embeddable":true,"href":"https:\/\/zl.jewelry\/pl\/wp-json\/wp\/v2\/media\/46890"}],"wp:attachment":[{"href":"https:\/\/zl.jewelry\/pl\/wp-json\/wp\/v2\/media?parent=46889"}],"wp:term":[{"taxonomy":"product_brand","embeddable":true,"href":"https:\/\/zl.jewelry\/pl\/wp-json\/wp\/v2\/product_brand?post=46889"},{"taxonomy":"product_cat","embeddable":true,"href":"https:\/\/zl.jewelry\/pl\/wp-json\/wp\/v2\/product_cat?post=46889"},{"taxonomy":"product_tag","embeddable":true,"href":"https:\/\/zl.jewelry\/pl\/wp-json\/wp\/v2\/product_tag?post=46889"}],"curies":[{"name":"wp","href":"https:\/\/api.w.org\/{rel}","templated":true}]}}