{"id":46887,"date":"2025-06-18T10:53:01","date_gmt":"2025-06-18T10:53:01","guid":{"rendered":"https:\/\/zl.jewelry\/product\/chain-legacy-of-the-gods\/"},"modified":"2025-09-26T18:24:16","modified_gmt":"2025-09-26T18:24:16","slug":"chain-legacy-of-the-gods","status":"publish","type":"product","link":"https:\/\/zl.jewelry\/pl\/product\/chain-legacy-of-the-gods\/","title":{"rendered":"\u0141a\u0144cuch &#8222;Dziedzictwo Bog\u00f3w&#8221;"},"content":{"rendered":"<p>\u0141a\u0144cuch to lataj\u0105cy \u0142a\u0144cuch z czerwonego z\u0142ota, z wzorami pokrytymi niello. Zamek to pude\u0142ko, okr\u0105g\u0142e, z jednym zamkiem, na kt\u00f3rym wymodelowana jest modlitwa, ozdobiona niello. Wz\u00f3r mo\u017ce zosta\u0107 zmieniony na \u017cyczenie klienta. Waga r\u00f3\u017cni si\u0119 w zale\u017cno\u015bci od rozmiaru pude\u0142ka..&nbsp;<\/p>\n","protected":false},"excerpt":{"rendered":"<p>\u0141a\u0144cuch to lataj\u0105cy \u0142a\u0144cuch z czerwonego z\u0142ota, z wzorami pokrytymi niello. Zamek to pude\u0142ko, okr\u0105g\u0142e, z jednym zamkiem, na kt\u00f3rym wymodelowana jest modlitwa, ozdobiona niello. Wz\u00f3r mo\u017ce zosta\u0107 zmieniony na \u017cyczenie klienta. Waga r\u00f3\u017cni si\u0119 w zale\u017cno\u015bci od rozmiaru pude\u0142ka..&nbsp;<\/p>\n","protected":false},"featured_media":46888,"template":"","meta":{"_acf_changed":false},"product_brand":[],"product_cat":[490,492,493],"product_tag":[],"class_list":{"0":"post-46887","1":"product","2":"type-product","3":"status-publish","4":"has-post-thumbnail","6":"product_cat-gold-chains","7":"product_cat-gold-chain-from-50-gr-pl","8":"product_cat-mens-chains-pl","10":"first","11":"instock","12":"product-type-simple"},"acf":[],"_links":{"self":[{"href":"https:\/\/zl.jewelry\/pl\/wp-json\/wp\/v2\/product\/46887","targetHints":{"allow":["GET"]}}],"collection":[{"href":"https:\/\/zl.jewelry\/pl\/wp-json\/wp\/v2\/product"}],"about":[{"href":"https:\/\/zl.jewelry\/pl\/wp-json\/wp\/v2\/types\/product"}],"wp:featuredmedia":[{"embeddable":true,"href":"https:\/\/zl.jewelry\/pl\/wp-json\/wp\/v2\/media\/46888"}],"wp:attachment":[{"href":"https:\/\/zl.jewelry\/pl\/wp-json\/wp\/v2\/media?parent=46887"}],"wp:term":[{"taxonomy":"product_brand","embeddable":true,"href":"https:\/\/zl.jewelry\/pl\/wp-json\/wp\/v2\/product_brand?post=46887"},{"taxonomy":"product_cat","embeddable":true,"href":"https:\/\/zl.jewelry\/pl\/wp-json\/wp\/v2\/product_cat?post=46887"},{"taxonomy":"product_tag","embeddable":true,"href":"https:\/\/zl.jewelry\/pl\/wp-json\/wp\/v2\/product_tag?post=46887"}],"curies":[{"name":"wp","href":"https:\/\/api.w.org\/{rel}","templated":true}]}}