{"id":46885,"date":"2025-06-18T10:53:01","date_gmt":"2025-06-18T10:53:01","guid":{"rendered":"https:\/\/zl.jewelry\/product\/signet-scorpion\/"},"modified":"2025-09-26T18:24:16","modified_gmt":"2025-09-26T18:24:16","slug":"signet-scorpion","status":"publish","type":"product","link":"https:\/\/zl.jewelry\/pl\/product\/signet-scorpion\/","title":{"rendered":"Piecz\u0119\u0107 &#8222;Skorpion&#8221;"},"content":{"rendered":"<p>M\u0119ski sygnet z czerwonego z\u0142ota. Na przedniej cz\u0119\u015bci po\u015brodku znajduje si\u0119 nak\u0142adka ze skorpionem, pod nak\u0142adk\u0105 znajduje si\u0119 platforma z czarn\u0105 emali\u0105. Po bokach znajduj\u0105 si\u0119 wzory. Waga r\u00f3\u017cni si\u0119 w zale\u017cno\u015bci od rozmiaru.&nbsp;<\/p>\n","protected":false},"excerpt":{"rendered":"<p>M\u0119ski sygnet z czerwonego z\u0142ota. Na przedniej cz\u0119\u015bci po\u015brodku znajduje si\u0119 nak\u0142adka ze skorpionem, pod nak\u0142adk\u0105 znajduje si\u0119 platforma z czarn\u0105 emali\u0105. Po bokach znajduj\u0105 si\u0119 wzory. Waga r\u00f3\u017cni si\u0119 w zale\u017cno\u015bci od rozmiaru.&nbsp;<\/p>\n","protected":false},"featured_media":46886,"template":"","meta":{"_acf_changed":false},"product_brand":[],"product_cat":[517,589],"product_tag":[],"class_list":{"0":"post-46885","1":"product","2":"type-product","3":"status-publish","4":"has-post-thumbnail","6":"product_cat-mens-rings-and-seals-pl","7":"product_cat-signet-rings-pl","9":"first","10":"instock","11":"product-type-simple"},"acf":[],"_links":{"self":[{"href":"https:\/\/zl.jewelry\/pl\/wp-json\/wp\/v2\/product\/46885","targetHints":{"allow":["GET"]}}],"collection":[{"href":"https:\/\/zl.jewelry\/pl\/wp-json\/wp\/v2\/product"}],"about":[{"href":"https:\/\/zl.jewelry\/pl\/wp-json\/wp\/v2\/types\/product"}],"wp:featuredmedia":[{"embeddable":true,"href":"https:\/\/zl.jewelry\/pl\/wp-json\/wp\/v2\/media\/46886"}],"wp:attachment":[{"href":"https:\/\/zl.jewelry\/pl\/wp-json\/wp\/v2\/media?parent=46885"}],"wp:term":[{"taxonomy":"product_brand","embeddable":true,"href":"https:\/\/zl.jewelry\/pl\/wp-json\/wp\/v2\/product_brand?post=46885"},{"taxonomy":"product_cat","embeddable":true,"href":"https:\/\/zl.jewelry\/pl\/wp-json\/wp\/v2\/product_cat?post=46885"},{"taxonomy":"product_tag","embeddable":true,"href":"https:\/\/zl.jewelry\/pl\/wp-json\/wp\/v2\/product_tag?post=46885"}],"curies":[{"name":"wp","href":"https:\/\/api.w.org\/{rel}","templated":true}]}}