{"id":46873,"date":"2025-06-18T10:53:01","date_gmt":"2025-06-18T10:53:01","guid":{"rendered":"https:\/\/zl.jewelry\/product\/signet-patriot\/"},"modified":"2025-09-26T18:24:14","modified_gmt":"2025-09-26T18:24:14","slug":"signet-patriot","status":"publish","type":"product","link":"https:\/\/zl.jewelry\/pl\/product\/signet-patriot\/","title":{"rendered":"Pier\u015bcie\u0144 &#8222;Patriota&#8221;"},"content":{"rendered":"<p>Pier\u015bcionek z czerwonego z\u0142ota. Waga zmienia si\u0119 proporcjonalnie do rozmiaru. W centralnej cz\u0119\u015bci pier\u015bcionka&#038;nbspprzedstawione jest serce pokryte niebiesk\u0105 i \u017c\u00f3\u0142t\u0105 emali\u0105. Po bokach przedstawione s\u0105 twarze \u015bwi\u0119tego Miko\u0142aja i \u015bwi\u0119tego Andrzeja w pasie, kontynuacja wzor\u00f3w.Na przedniej stronie i&nbsp;obr\u0105czce znajduj\u0105 si\u0119 diamenty 1mm (128szt); 1,5mm (4szt). Wewn\u0105trz obr\u0105czki znajduje si\u0119 modlitwa &quot;Chro\u0144 mnie&quot;, a po bokach wzory.<\/p>\n","protected":false},"excerpt":{"rendered":"<p>Pier\u015bcionek z czerwonego z\u0142ota. Waga zmienia si\u0119 proporcjonalnie do rozmiaru. W centralnej cz\u0119\u015bci pier\u015bcionka&#038;nbspprzedstawione jest serce pokryte niebiesk\u0105 i \u017c\u00f3\u0142t\u0105 emali\u0105. Po bokach przedstawione s\u0105 twarze \u015bwi\u0119tego Miko\u0142aja i \u015bwi\u0119tego Andrzeja w pasie, kontynuacja wzor\u00f3w.Na przedniej stronie i&nbsp;obr\u0105czce znajduj\u0105 si\u0119 diamenty 1mm (128szt); 1,5mm (4szt). Wewn\u0105trz obr\u0105czki znajduje si\u0119 modlitwa &quot;Chro\u0144 mnie&quot;, a po bokach&#8230;<\/p>\n","protected":false},"featured_media":48907,"template":"","meta":{"_acf_changed":false},"product_brand":[],"product_cat":[517,589],"product_tag":[],"class_list":{"0":"post-46873","1":"product","2":"type-product","3":"status-publish","4":"has-post-thumbnail","6":"product_cat-mens-rings-and-seals-pl","7":"product_cat-signet-rings-pl","9":"first","10":"instock","11":"product-type-simple"},"acf":[],"_links":{"self":[{"href":"https:\/\/zl.jewelry\/pl\/wp-json\/wp\/v2\/product\/46873","targetHints":{"allow":["GET"]}}],"collection":[{"href":"https:\/\/zl.jewelry\/pl\/wp-json\/wp\/v2\/product"}],"about":[{"href":"https:\/\/zl.jewelry\/pl\/wp-json\/wp\/v2\/types\/product"}],"wp:featuredmedia":[{"embeddable":true,"href":"https:\/\/zl.jewelry\/pl\/wp-json\/wp\/v2\/media\/48907"}],"wp:attachment":[{"href":"https:\/\/zl.jewelry\/pl\/wp-json\/wp\/v2\/media?parent=46873"}],"wp:term":[{"taxonomy":"product_brand","embeddable":true,"href":"https:\/\/zl.jewelry\/pl\/wp-json\/wp\/v2\/product_brand?post=46873"},{"taxonomy":"product_cat","embeddable":true,"href":"https:\/\/zl.jewelry\/pl\/wp-json\/wp\/v2\/product_cat?post=46873"},{"taxonomy":"product_tag","embeddable":true,"href":"https:\/\/zl.jewelry\/pl\/wp-json\/wp\/v2\/product_tag?post=46873"}],"curies":[{"name":"wp","href":"https:\/\/api.w.org\/{rel}","templated":true}]}}