{"id":46867,"date":"2025-06-18T10:53:01","date_gmt":"2025-06-18T10:53:01","guid":{"rendered":"https:\/\/zl.jewelry\/product\/pendant-archangel-michael\/"},"modified":"2025-09-26T18:24:14","modified_gmt":"2025-09-26T18:24:14","slug":"pendant-archangel-michael","status":"publish","type":"product","link":"https:\/\/zl.jewelry\/pl\/product\/pendant-archangel-michael\/","title":{"rendered":"Wisiorek &#8222;Archangel Michael&#8221;"},"content":{"rendered":"<p>Wisiorek na drewnie, w formie tarczy w kolorze czerwonego z\u0142ota. Na awersie twarz Anio\u0142a Str&oacute;\u017ca, na rewersie pe\u0142ny tekst modlitwy &quot;Ojcze nasz&quot;.&nbsp; Na uszku wisiorka na awersie twarz \u015bw. Miko\u0142aja. Z przodu i z ty\u0142u na ko\u0144cach wstawki z bezbarwnych fianit&oacute;w (mo\u017cna umie\u015bci\u0107 dowolne kamienie, na \u017cyczenie klienta) o \u015brednicy 1,5 mm; 2,5 mm. Wysoko\u015b\u0107 wisiorka z uszkiem 79mm, waga z\u0142ota w wisiorku 52,23 grama.<\/p>\n<p>_x000D_<\/p>\n","protected":false},"excerpt":{"rendered":"<p>Wisiorek na drewnie, w formie tarczy w kolorze czerwonego z\u0142ota. Na awersie twarz Anio\u0142a Str&oacute;\u017ca, na rewersie pe\u0142ny tekst modlitwy &quot;Ojcze nasz&quot;.&nbsp; Na uszku wisiorka na awersie twarz \u015bw. Miko\u0142aja. Z przodu i z ty\u0142u na ko\u0144cach wstawki z bezbarwnych fianit&oacute;w (mo\u017cna umie\u015bci\u0107 dowolne kamienie, na \u017cyczenie klienta) o \u015brednicy 1,5 mm; 2,5 mm. Wysoko\u015b\u0107&#8230;<\/p>\n","protected":false},"featured_media":46868,"template":"","meta":{"_acf_changed":false},"product_brand":[],"product_cat":[500,502,503],"product_tag":[],"class_list":{"0":"post-46867","1":"product","2":"type-product","3":"status-publish","4":"has-post-thumbnail","6":"product_cat-golden-icons-pl","7":"product_cat-on-an-ebony-tree-pl","8":"product_cat-with-stones-pl","10":"first","11":"instock","12":"product-type-simple"},"acf":[],"_links":{"self":[{"href":"https:\/\/zl.jewelry\/pl\/wp-json\/wp\/v2\/product\/46867","targetHints":{"allow":["GET"]}}],"collection":[{"href":"https:\/\/zl.jewelry\/pl\/wp-json\/wp\/v2\/product"}],"about":[{"href":"https:\/\/zl.jewelry\/pl\/wp-json\/wp\/v2\/types\/product"}],"wp:featuredmedia":[{"embeddable":true,"href":"https:\/\/zl.jewelry\/pl\/wp-json\/wp\/v2\/media\/46868"}],"wp:attachment":[{"href":"https:\/\/zl.jewelry\/pl\/wp-json\/wp\/v2\/media?parent=46867"}],"wp:term":[{"taxonomy":"product_brand","embeddable":true,"href":"https:\/\/zl.jewelry\/pl\/wp-json\/wp\/v2\/product_brand?post=46867"},{"taxonomy":"product_cat","embeddable":true,"href":"https:\/\/zl.jewelry\/pl\/wp-json\/wp\/v2\/product_cat?post=46867"},{"taxonomy":"product_tag","embeddable":true,"href":"https:\/\/zl.jewelry\/pl\/wp-json\/wp\/v2\/product_tag?post=46867"}],"curies":[{"name":"wp","href":"https:\/\/api.w.org\/{rel}","templated":true}]}}