{"id":46863,"date":"2025-06-18T10:53:01","date_gmt":"2025-06-18T10:53:01","guid":{"rendered":"https:\/\/zl.jewelry\/product\/pendant-guardian-angel\/"},"modified":"2025-09-26T18:24:13","modified_gmt":"2025-09-26T18:24:13","slug":"pendant-guardian-angel","status":"publish","type":"product","link":"https:\/\/zl.jewelry\/pl\/product\/pendant-guardian-angel\/","title":{"rendered":"Wisiorek &#8222;Anio\u0142 Str\u00f3\u017c&#8221;"},"content":{"rendered":"<p>Wisiorek na drzewie, w kszta\u0142cie tarczy. Wisiorek z czerwonego z\u0142ota, twarz Anio\u0142a Str\u00f3\u017ca z bia\u0142ego z\u0142ota pokrytego rodem. Na przedniej stronie znajduje si\u0119 twarz Anio\u0142a Str\u00f3\u017ca, na tylnej pe\u0142ny tekst modlitwy &quot;Ojcze nasz&quot;&nbsp; Na uszku wisiorka na przedniej stronie znajduje si\u0119 twarz \u015bw. Miko\u0142aja, na tylnej stronie twarz Matki Boskiej. Na przedniej stronie&nbsp; na ko\u0144cu wstawki z bezbarwnych fianit\u00f3w (mo\u017cna umie\u015bci\u0107 dowolne kamienie, na \u017cyczenie klienta) o \u015brednicy 1,5mm; 2,5mm. Z ty\u0142u&nbsp;na ko\u0144cu wstawki z czarnych fianit\u00f3w (mo\u017cna umie\u015bci\u0107 dowolne kamienie, na \u017cyczenie klienta) o \u015brednicy 1,5mm; 2,5mm. Wysoko\u015b\u0107 wisiorka z uszkiem 79mm, waga z\u0142ota w wisiorku 52,23 grama..<\/p>\n","protected":false},"excerpt":{"rendered":"<p>Wisiorek na drzewie, w kszta\u0142cie tarczy. Wisiorek z czerwonego z\u0142ota, twarz Anio\u0142a Str\u00f3\u017ca z bia\u0142ego z\u0142ota pokrytego rodem. Na przedniej stronie znajduje si\u0119 twarz Anio\u0142a Str\u00f3\u017ca, na tylnej pe\u0142ny tekst modlitwy &quot;Ojcze nasz&quot;&nbsp; Na uszku wisiorka na przedniej stronie znajduje si\u0119 twarz \u015bw. Miko\u0142aja, na tylnej stronie twarz Matki Boskiej. Na przedniej stronie&nbsp; na ko\u0144cu&#8230;<\/p>\n","protected":false},"featured_media":46864,"template":"","meta":{"_acf_changed":false},"product_brand":[],"product_cat":[500,502,503],"product_tag":[],"class_list":{"0":"post-46863","1":"product","2":"type-product","3":"status-publish","4":"has-post-thumbnail","6":"product_cat-golden-icons-pl","7":"product_cat-on-an-ebony-tree-pl","8":"product_cat-with-stones-pl","10":"first","11":"instock","12":"product-type-simple"},"acf":[],"_links":{"self":[{"href":"https:\/\/zl.jewelry\/pl\/wp-json\/wp\/v2\/product\/46863","targetHints":{"allow":["GET"]}}],"collection":[{"href":"https:\/\/zl.jewelry\/pl\/wp-json\/wp\/v2\/product"}],"about":[{"href":"https:\/\/zl.jewelry\/pl\/wp-json\/wp\/v2\/types\/product"}],"wp:featuredmedia":[{"embeddable":true,"href":"https:\/\/zl.jewelry\/pl\/wp-json\/wp\/v2\/media\/46864"}],"wp:attachment":[{"href":"https:\/\/zl.jewelry\/pl\/wp-json\/wp\/v2\/media?parent=46863"}],"wp:term":[{"taxonomy":"product_brand","embeddable":true,"href":"https:\/\/zl.jewelry\/pl\/wp-json\/wp\/v2\/product_brand?post=46863"},{"taxonomy":"product_cat","embeddable":true,"href":"https:\/\/zl.jewelry\/pl\/wp-json\/wp\/v2\/product_cat?post=46863"},{"taxonomy":"product_tag","embeddable":true,"href":"https:\/\/zl.jewelry\/pl\/wp-json\/wp\/v2\/product_tag?post=46863"}],"curies":[{"name":"wp","href":"https:\/\/api.w.org\/{rel}","templated":true}]}}