{"id":46853,"date":"2025-06-18T10:53:07","date_gmt":"2025-06-18T10:53:07","guid":{"rendered":"https:\/\/zl.jewelry\/product\/ring-case-melody-of-stars\/"},"modified":"2025-09-26T18:24:21","modified_gmt":"2025-09-26T18:24:21","slug":"ring-case-melody-of-stars","status":"publish","type":"product","link":"https:\/\/zl.jewelry\/pl\/product\/ring-case-melody-of-stars\/","title":{"rendered":"Pier\u015bcionek &#8211; etui &#8222;Melodia Gwiazd&#8221;"},"content":{"rendered":"<p>Pier\u015bcie\u0144 transformer&nbsp; z bia\u0142ego z\u0142ota pokrytego rodem. Waga r\u00f3\u017cni si\u0119 w zale\u017cno\u015bci od rozmiaru. Ca\u0142kowita szeroko\u015b\u0107 pier\u015bcionka wynosi 12 mm. Waga wk\u0142adki do pier\u015bcionka 4,14 grama, waga koperty 7,65 grama. Wstawione kamienie, \u015brednica 2,00 mm (24 sztuki); \u015brodek ok. 5 mm..<\/p>\n","protected":false},"excerpt":{"rendered":"<p>Pier\u015bcie\u0144 transformer&nbsp; z bia\u0142ego z\u0142ota pokrytego rodem. Waga r\u00f3\u017cni si\u0119 w zale\u017cno\u015bci od rozmiaru. Ca\u0142kowita szeroko\u015b\u0107 pier\u015bcionka wynosi 12 mm. Waga wk\u0142adki do pier\u015bcionka 4,14 grama, waga koperty 7,65 grama. Wstawione kamienie, \u015brednica 2,00 mm (24 sztuki); \u015brodek ok. 5 mm..<\/p>\n","protected":false},"featured_media":46854,"template":"","meta":{"_acf_changed":false},"product_brand":[],"product_cat":[528,536,537,535,531,534],"product_tag":[],"class_list":{"0":"post-46853","1":"product","2":"type-product","3":"status-publish","4":"has-post-thumbnail","6":"product_cat-wedding-rings-pl","7":"product_cat-white-gold-wedding-rings-pl","8":"product_cat-with-rocks-4-pl","9":"product_cat-wedding-rings-with-diamonds-pl","10":"product_cat-elite-wedding-rings-pl","11":"product_cat-transformer-pl","13":"first","14":"instock","15":"product-type-simple"},"acf":[],"_links":{"self":[{"href":"https:\/\/zl.jewelry\/pl\/wp-json\/wp\/v2\/product\/46853","targetHints":{"allow":["GET"]}}],"collection":[{"href":"https:\/\/zl.jewelry\/pl\/wp-json\/wp\/v2\/product"}],"about":[{"href":"https:\/\/zl.jewelry\/pl\/wp-json\/wp\/v2\/types\/product"}],"wp:featuredmedia":[{"embeddable":true,"href":"https:\/\/zl.jewelry\/pl\/wp-json\/wp\/v2\/media\/46854"}],"wp:attachment":[{"href":"https:\/\/zl.jewelry\/pl\/wp-json\/wp\/v2\/media?parent=46853"}],"wp:term":[{"taxonomy":"product_brand","embeddable":true,"href":"https:\/\/zl.jewelry\/pl\/wp-json\/wp\/v2\/product_brand?post=46853"},{"taxonomy":"product_cat","embeddable":true,"href":"https:\/\/zl.jewelry\/pl\/wp-json\/wp\/v2\/product_cat?post=46853"},{"taxonomy":"product_tag","embeddable":true,"href":"https:\/\/zl.jewelry\/pl\/wp-json\/wp\/v2\/product_tag?post=46853"}],"curies":[{"name":"wp","href":"https:\/\/api.w.org\/{rel}","templated":true}]}}