{"id":46839,"date":"2025-06-18T10:53:07","date_gmt":"2025-06-18T10:53:07","guid":{"rendered":"https:\/\/zl.jewelry\/product\/ring-frog\/"},"modified":"2025-09-26T18:24:20","modified_gmt":"2025-09-26T18:24:20","slug":"ring-frog","status":"publish","type":"product","link":"https:\/\/zl.jewelry\/pl\/product\/ring-frog\/","title":{"rendered":"Pier\u015bcionek &#8222;\u017baba&#8221;"},"content":{"rendered":"<p style=\"margin: 0px; font-style: normal; font-variant-caps: normal; font-stretch: normal; font-size: 13px; line-height: normal; font-family: &quot;Helvetica Neue&quot;; font-size-adjust: none; font-kerning: auto; font-variant-alternates: normal; font-variant-ligatures: normal; font-variant-numeric: normal; font-variant-east-asian: normal; font-variant-position: normal; font-variant-emoji: normal; font-feature-settings: normal; font-optical-sizing: auto; font-variation-settings: normal;\"><span style=\"font-size:16px;\"><span style=\"font-family:arial,helvetica,sans-serif;\">\u017baba to wieloaspektowy symbol, \u0142\u0105cz\u0105cy w sobie elementy natury, duchowo\u015bci i materialnego dobrobytu.<\/span><\/span><\/p>\n<p>_x000D_<br \/>\n_x000D_<\/p>\n<p style=\"margin: 0px; font-style: normal; font-variant-caps: normal; font-stretch: normal; font-size: 13px; line-height: normal; font-family: &quot;Helvetica Neue&quot;; font-size-adjust: none; font-kerning: auto; font-variant-alternates: normal; font-variant-ligatures: normal; font-variant-numeric: normal; font-variant-east-asian: normal; font-variant-position: normal; font-variant-emoji: normal; font-feature-settings: normal; font-optical-sizing: auto; font-variation-settings: normal; min-height: 16px;\">&nbsp;<\/p>\n<p>_x000D_<br \/>\n_x000D_<\/p>\n<p><span style=\"font-size:16px;\"><span style=\"font-family:arial,helvetica,sans-serif;\">Pier\u015bcionek z czerwonego z\u0142ota z \u017cabk\u0105, waga zmienia si\u0119 w zale\u017cno\u015bci od rozmiaru.&nbsp; W rozmiarze 19 waga z\u0142ota wynosi 3,81 grama. Kamienne wstawki maj\u0105 1,5 mm (8 sztuk); 2,5 mm (2 sztuki); 1,7 mm (1 sztuka); 2 mm (1 sztuka). Oczy pokryte s\u0105 czerwon\u0105 emali\u0105.<\/span><\/span><\/p>\n<p>_x000D_<\/p>\n","protected":false},"excerpt":{"rendered":"<p>\u017baba to wieloaspektowy symbol, \u0142\u0105cz\u0105cy w sobie elementy natury, duchowo\u015bci i materialnego dobrobytu. _x000D_ _x000D_ &nbsp; _x000D_ _x000D_ Pier\u015bcionek z czerwonego z\u0142ota z \u017cabk\u0105, waga zmienia si\u0119 w zale\u017cno\u015bci od rozmiaru.&nbsp; W rozmiarze 19 waga z\u0142ota wynosi 3,81 grama. Kamienne wstawki maj\u0105 1,5 mm (8 sztuk); 2,5 mm (2 sztuki); 1,7 mm (1 sztuka); 2&#8230;<\/p>\n","protected":false},"featured_media":46840,"template":"","meta":{"_acf_changed":false},"product_brand":[],"product_cat":[514,518,522],"product_tag":[],"class_list":{"0":"post-46839","1":"product","2":"type-product","3":"status-publish","4":"has-post-thumbnail","6":"product_cat-golden-rings-pl","7":"product_cat-red-gold-rings-pl","8":"product_cat-with-rocks-pl","10":"first","11":"instock","12":"product-type-simple"},"acf":[],"_links":{"self":[{"href":"https:\/\/zl.jewelry\/pl\/wp-json\/wp\/v2\/product\/46839","targetHints":{"allow":["GET"]}}],"collection":[{"href":"https:\/\/zl.jewelry\/pl\/wp-json\/wp\/v2\/product"}],"about":[{"href":"https:\/\/zl.jewelry\/pl\/wp-json\/wp\/v2\/types\/product"}],"wp:featuredmedia":[{"embeddable":true,"href":"https:\/\/zl.jewelry\/pl\/wp-json\/wp\/v2\/media\/46840"}],"wp:attachment":[{"href":"https:\/\/zl.jewelry\/pl\/wp-json\/wp\/v2\/media?parent=46839"}],"wp:term":[{"taxonomy":"product_brand","embeddable":true,"href":"https:\/\/zl.jewelry\/pl\/wp-json\/wp\/v2\/product_brand?post=46839"},{"taxonomy":"product_cat","embeddable":true,"href":"https:\/\/zl.jewelry\/pl\/wp-json\/wp\/v2\/product_cat?post=46839"},{"taxonomy":"product_tag","embeddable":true,"href":"https:\/\/zl.jewelry\/pl\/wp-json\/wp\/v2\/product_tag?post=46839"}],"curies":[{"name":"wp","href":"https:\/\/api.w.org\/{rel}","templated":true}]}}