{"id":46827,"date":"2025-06-18T10:53:07","date_gmt":"2025-06-18T10:53:07","guid":{"rendered":"https:\/\/zl.jewelry\/product\/chain-dragons-with-rubies\/"},"modified":"2025-09-26T18:24:19","modified_gmt":"2025-09-26T18:24:19","slug":"chain-dragons-with-rubies","status":"publish","type":"product","link":"https:\/\/zl.jewelry\/pl\/product\/chain-dragons-with-rubies\/","title":{"rendered":"\u0141a\u0144cuch &#8222;Smoki&#8221; z rubinami"},"content":{"rendered":"<p>Unikatowy \u0142a\u0144cuszek w kolorze czerwonego z\u0142ota z inicja\u0142ami klienta i smoczymi wstawkami. Wszystkie ogniwa s\u0105 czernione, a smocze wstawki wysadzane s\u0105 kamieniami o przybli\u017conej \u015brednicy 3 mm. Wz&oacute;r mo\u017ce zosta\u0107 zmieniony na \u017cyczenie klienta. Waga jest podana w stosunku do rozmiaru.&nbsp;<\/p>\n<p>_x000D_<\/p>\n","protected":false},"excerpt":{"rendered":"<p>Unikatowy \u0142a\u0144cuszek w kolorze czerwonego z\u0142ota z inicja\u0142ami klienta i smoczymi wstawkami. Wszystkie ogniwa s\u0105 czernione, a smocze wstawki wysadzane s\u0105 kamieniami o przybli\u017conej \u015brednicy 3 mm. Wz&oacute;r mo\u017ce zosta\u0107 zmieniony na \u017cyczenie klienta. Waga jest podana w stosunku do rozmiaru.&nbsp; _x000D_<\/p>\n","protected":false},"featured_media":46828,"template":"","meta":{"_acf_changed":false},"product_brand":[],"product_cat":[490,492,493,494],"product_tag":[],"class_list":{"0":"post-46827","1":"product","2":"type-product","3":"status-publish","4":"has-post-thumbnail","6":"product_cat-gold-chains","7":"product_cat-gold-chain-from-50-gr-pl","8":"product_cat-mens-chains-pl","9":"product_cat-womens-chains-pl","11":"first","12":"instock","13":"product-type-simple"},"acf":[],"_links":{"self":[{"href":"https:\/\/zl.jewelry\/pl\/wp-json\/wp\/v2\/product\/46827","targetHints":{"allow":["GET"]}}],"collection":[{"href":"https:\/\/zl.jewelry\/pl\/wp-json\/wp\/v2\/product"}],"about":[{"href":"https:\/\/zl.jewelry\/pl\/wp-json\/wp\/v2\/types\/product"}],"wp:featuredmedia":[{"embeddable":true,"href":"https:\/\/zl.jewelry\/pl\/wp-json\/wp\/v2\/media\/46828"}],"wp:attachment":[{"href":"https:\/\/zl.jewelry\/pl\/wp-json\/wp\/v2\/media?parent=46827"}],"wp:term":[{"taxonomy":"product_brand","embeddable":true,"href":"https:\/\/zl.jewelry\/pl\/wp-json\/wp\/v2\/product_brand?post=46827"},{"taxonomy":"product_cat","embeddable":true,"href":"https:\/\/zl.jewelry\/pl\/wp-json\/wp\/v2\/product_cat?post=46827"},{"taxonomy":"product_tag","embeddable":true,"href":"https:\/\/zl.jewelry\/pl\/wp-json\/wp\/v2\/product_tag?post=46827"}],"curies":[{"name":"wp","href":"https:\/\/api.w.org\/{rel}","templated":true}]}}