{"id":46811,"date":"2025-06-18T10:53:13","date_gmt":"2025-06-18T10:53:13","guid":{"rendered":"https:\/\/zl.jewelry\/product\/studs-aphrodites-love\/"},"modified":"2025-09-26T18:24:26","modified_gmt":"2025-09-26T18:24:26","slug":"studs-aphrodites-love","status":"publish","type":"product","link":"https:\/\/zl.jewelry\/pl\/product\/studs-aphrodites-love\/","title":{"rendered":"Puzderko &#8222;Mi\u0142o\u015b\u0107 Afrodyty&#8221;"},"content":{"rendered":"","protected":false},"excerpt":{"rendered":"","protected":false},"featured_media":46812,"template":"","meta":{"_acf_changed":false},"product_brand":[],"product_cat":[538,539,545,547,549],"product_tag":[],"class_list":{"0":"post-46811","1":"product","2":"type-product","3":"status-publish","4":"has-post-thumbnail","6":"product_cat-gold-earrings-pl","7":"product_cat-baby-pl","8":"product_cat-earrings-up-to-5g-pl","9":"product_cat-earrings-without-inserts-pl","10":"product_cat-studs-pl","12":"first","13":"instock","14":"product-type-simple"},"acf":[],"_links":{"self":[{"href":"https:\/\/zl.jewelry\/pl\/wp-json\/wp\/v2\/product\/46811","targetHints":{"allow":["GET"]}}],"collection":[{"href":"https:\/\/zl.jewelry\/pl\/wp-json\/wp\/v2\/product"}],"about":[{"href":"https:\/\/zl.jewelry\/pl\/wp-json\/wp\/v2\/types\/product"}],"wp:featuredmedia":[{"embeddable":true,"href":"https:\/\/zl.jewelry\/pl\/wp-json\/wp\/v2\/media\/46812"}],"wp:attachment":[{"href":"https:\/\/zl.jewelry\/pl\/wp-json\/wp\/v2\/media?parent=46811"}],"wp:term":[{"taxonomy":"product_brand","embeddable":true,"href":"https:\/\/zl.jewelry\/pl\/wp-json\/wp\/v2\/product_brand?post=46811"},{"taxonomy":"product_cat","embeddable":true,"href":"https:\/\/zl.jewelry\/pl\/wp-json\/wp\/v2\/product_cat?post=46811"},{"taxonomy":"product_tag","embeddable":true,"href":"https:\/\/zl.jewelry\/pl\/wp-json\/wp\/v2\/product_tag?post=46811"}],"curies":[{"name":"wp","href":"https:\/\/api.w.org\/{rel}","templated":true}]}}