{"id":46761,"date":"2025-06-18T10:53:48","date_gmt":"2025-06-18T10:53:48","guid":{"rendered":"https:\/\/zl.jewelry\/product\/earrings-heart\/"},"modified":"2025-09-26T18:24:57","modified_gmt":"2025-09-26T18:24:57","slug":"earrings-heart","status":"publish","type":"product","link":"https:\/\/zl.jewelry\/pl\/product\/earrings-heart\/","title":{"rendered":"Kolczyki &#8222;Serce&#8221;"},"content":{"rendered":"<p>Kolczyki i zawieszka w kszta\u0142cie serca z czerwonego z\u0142ota. Waga z\u0142ota w kolczykach wynosi 3 gramy. W \u015brodku serduszka pokryte s\u0105 czarn\u0105 emali\u0105. Kolczyki z zapi\u0119ciem angielskim.<\/p>\n","protected":false},"excerpt":{"rendered":"<p>Kolczyki i zawieszka w kszta\u0142cie serca z czerwonego z\u0142ota. Waga z\u0142ota w kolczykach wynosi 3 gramy. W \u015brodku serduszka pokryte s\u0105 czarn\u0105 emali\u0105. Kolczyki z zapi\u0119ciem angielskim.<\/p>\n","protected":false},"featured_media":46762,"template":"","meta":{"_acf_changed":false},"product_brand":[],"product_cat":[538,542,545,547],"product_tag":[],"class_list":{"0":"post-46761","1":"product","2":"type-product","3":"status-publish","4":"has-post-thumbnail","6":"product_cat-gold-earrings-pl","7":"product_cat-drop-earrings-pl","8":"product_cat-earrings-up-to-5g-pl","9":"product_cat-earrings-without-inserts-pl","11":"first","12":"instock","13":"product-type-simple"},"acf":[],"_links":{"self":[{"href":"https:\/\/zl.jewelry\/pl\/wp-json\/wp\/v2\/product\/46761","targetHints":{"allow":["GET"]}}],"collection":[{"href":"https:\/\/zl.jewelry\/pl\/wp-json\/wp\/v2\/product"}],"about":[{"href":"https:\/\/zl.jewelry\/pl\/wp-json\/wp\/v2\/types\/product"}],"wp:featuredmedia":[{"embeddable":true,"href":"https:\/\/zl.jewelry\/pl\/wp-json\/wp\/v2\/media\/46762"}],"wp:attachment":[{"href":"https:\/\/zl.jewelry\/pl\/wp-json\/wp\/v2\/media?parent=46761"}],"wp:term":[{"taxonomy":"product_brand","embeddable":true,"href":"https:\/\/zl.jewelry\/pl\/wp-json\/wp\/v2\/product_brand?post=46761"},{"taxonomy":"product_cat","embeddable":true,"href":"https:\/\/zl.jewelry\/pl\/wp-json\/wp\/v2\/product_cat?post=46761"},{"taxonomy":"product_tag","embeddable":true,"href":"https:\/\/zl.jewelry\/pl\/wp-json\/wp\/v2\/product_tag?post=46761"}],"curies":[{"name":"wp","href":"https:\/\/api.w.org\/{rel}","templated":true}]}}