{"id":46759,"date":"2025-06-18T10:53:48","date_gmt":"2025-06-18T10:53:48","guid":{"rendered":"https:\/\/zl.jewelry\/product\/studs-modesty\/"},"modified":"2025-09-26T18:24:56","modified_gmt":"2025-09-26T18:24:56","slug":"studs-modesty","status":"publish","type":"product","link":"https:\/\/zl.jewelry\/pl\/product\/studs-modesty\/","title":{"rendered":"Poussettes &#8222;Skromno\u015b\u0107&#8221;"},"content":{"rendered":"<p>Kolczyki Twist z czerwonego z\u0142ota o wadze 0,95 grama. Wysadzane kamieniami o \u015brednicy ok. 3,00 mm.<\/p>\n","protected":false},"excerpt":{"rendered":"<p>Kolczyki Twist z czerwonego z\u0142ota o wadze 0,95 grama. Wysadzane kamieniami o \u015brednicy ok. 3,00 mm.<\/p>\n","protected":false},"featured_media":46760,"template":"","meta":{"_acf_changed":false},"product_brand":[],"product_cat":[538,539,545,546,548,549,550],"product_tag":[],"class_list":{"0":"post-46759","1":"product","2":"type-product","3":"status-publish","4":"has-post-thumbnail","6":"product_cat-gold-earrings-pl","7":"product_cat-baby-pl","8":"product_cat-earrings-up-to-5g-pl","9":"product_cat-earrings-with-diamonds-pl","10":"product_cat-earrings-with-stones-pl","11":"product_cat-studs-pl","12":"product_cat-with-cubic-zirkonia-pl","14":"first","15":"instock","16":"product-type-simple"},"acf":[],"_links":{"self":[{"href":"https:\/\/zl.jewelry\/pl\/wp-json\/wp\/v2\/product\/46759","targetHints":{"allow":["GET"]}}],"collection":[{"href":"https:\/\/zl.jewelry\/pl\/wp-json\/wp\/v2\/product"}],"about":[{"href":"https:\/\/zl.jewelry\/pl\/wp-json\/wp\/v2\/types\/product"}],"wp:featuredmedia":[{"embeddable":true,"href":"https:\/\/zl.jewelry\/pl\/wp-json\/wp\/v2\/media\/46760"}],"wp:attachment":[{"href":"https:\/\/zl.jewelry\/pl\/wp-json\/wp\/v2\/media?parent=46759"}],"wp:term":[{"taxonomy":"product_brand","embeddable":true,"href":"https:\/\/zl.jewelry\/pl\/wp-json\/wp\/v2\/product_brand?post=46759"},{"taxonomy":"product_cat","embeddable":true,"href":"https:\/\/zl.jewelry\/pl\/wp-json\/wp\/v2\/product_cat?post=46759"},{"taxonomy":"product_tag","embeddable":true,"href":"https:\/\/zl.jewelry\/pl\/wp-json\/wp\/v2\/product_tag?post=46759"}],"curies":[{"name":"wp","href":"https:\/\/api.w.org\/{rel}","templated":true}]}}