{"id":46757,"date":"2025-06-18T10:53:48","date_gmt":"2025-06-18T10:53:48","guid":{"rendered":"https:\/\/zl.jewelry\/product\/earrings-domino\/"},"modified":"2025-09-26T18:24:56","modified_gmt":"2025-09-26T18:24:56","slug":"earrings-domino","status":"publish","type":"product","link":"https:\/\/zl.jewelry\/pl\/product\/earrings-domino\/","title":{"rendered":"Kolczyki &#8222;Domino&#8221;"},"content":{"rendered":"<p>Kolczyki o wadze 6,12 grama. Baza kolczyk\u00f3w z czerwonego z\u0142ota, nak\u0142adki z bia\u0142ego z\u0142ota, rodowane. Z przodu pod nak\u0142adkami, na ca\u0142ej wysoko\u015bci czarna emalia. Na nak\u0142adkach osadzone kamienie o \u015brednicy oko\u0142o 1,25 mm.&nbsp; Wysoko\u015b\u0107 kolczyka w przedniej cz\u0119\u015bci 16mm; szeroko\u015b\u0107 7,5mm.<\/p>\n","protected":false},"excerpt":{"rendered":"<p>Kolczyki o wadze 6,12 grama. Baza kolczyk\u00f3w z czerwonego z\u0142ota, nak\u0142adki z bia\u0142ego z\u0142ota, rodowane. Z przodu pod nak\u0142adkami, na ca\u0142ej wysoko\u015bci czarna emalia. Na nak\u0142adkach osadzone kamienie o \u015brednicy oko\u0142o 1,25 mm.&nbsp; Wysoko\u015b\u0107 kolczyka w przedniej cz\u0119\u015bci 16mm; szeroko\u015b\u0107 7,5mm.<\/p>\n","protected":false},"featured_media":46758,"template":"","meta":{"_acf_changed":false},"product_brand":[],"product_cat":[538,544,546,548,550],"product_tag":[],"class_list":{"0":"post-46757","1":"product","2":"type-product","3":"status-publish","4":"has-post-thumbnail","6":"product_cat-gold-earrings-pl","7":"product_cat-earrings-from-5gr-pl","8":"product_cat-earrings-with-diamonds-pl","9":"product_cat-earrings-with-stones-pl","10":"product_cat-with-cubic-zirkonia-pl","12":"first","13":"instock","14":"product-type-simple"},"acf":[],"_links":{"self":[{"href":"https:\/\/zl.jewelry\/pl\/wp-json\/wp\/v2\/product\/46757","targetHints":{"allow":["GET"]}}],"collection":[{"href":"https:\/\/zl.jewelry\/pl\/wp-json\/wp\/v2\/product"}],"about":[{"href":"https:\/\/zl.jewelry\/pl\/wp-json\/wp\/v2\/types\/product"}],"wp:featuredmedia":[{"embeddable":true,"href":"https:\/\/zl.jewelry\/pl\/wp-json\/wp\/v2\/media\/46758"}],"wp:attachment":[{"href":"https:\/\/zl.jewelry\/pl\/wp-json\/wp\/v2\/media?parent=46757"}],"wp:term":[{"taxonomy":"product_brand","embeddable":true,"href":"https:\/\/zl.jewelry\/pl\/wp-json\/wp\/v2\/product_brand?post=46757"},{"taxonomy":"product_cat","embeddable":true,"href":"https:\/\/zl.jewelry\/pl\/wp-json\/wp\/v2\/product_cat?post=46757"},{"taxonomy":"product_tag","embeddable":true,"href":"https:\/\/zl.jewelry\/pl\/wp-json\/wp\/v2\/product_tag?post=46757"}],"curies":[{"name":"wp","href":"https:\/\/api.w.org\/{rel}","templated":true}]}}