{"id":46743,"date":"2025-06-18T10:53:48","date_gmt":"2025-06-18T10:53:48","guid":{"rendered":"https:\/\/zl.jewelry\/product\/studs-star-square\/"},"modified":"2025-09-26T18:24:55","modified_gmt":"2025-09-26T18:24:55","slug":"studs-star-square","status":"publish","type":"product","link":"https:\/\/zl.jewelry\/pl\/product\/studs-star-square\/","title":{"rendered":"Poussettes &#8222;Star Square&#8221;"},"content":{"rendered":"<p>Kolczyki &#8211; poussettes z czerwonego z\u0142ota, zapi\u0119cie na wkr\u0119tki, waga 2,77 grama. Inkrustacje z fianitu, centralny kamie\u0144 o wymiarach 8,50&#215;8,50 mm; boki o \u015brednicy 1,00 mm..<\/p>\n","protected":false},"excerpt":{"rendered":"<p>Kolczyki &#8211; poussettes z czerwonego z\u0142ota, zapi\u0119cie na wkr\u0119tki, waga 2,77 grama. Inkrustacje z fianitu, centralny kamie\u0144 o wymiarach 8,50&#215;8,50 mm; boki o \u015brednicy 1,00 mm..<\/p>\n","protected":false},"featured_media":46744,"template":"","meta":{"_acf_changed":false},"product_brand":[],"product_cat":[538,545,546,548,549,550],"product_tag":[],"class_list":{"0":"post-46743","1":"product","2":"type-product","3":"status-publish","4":"has-post-thumbnail","6":"product_cat-gold-earrings-pl","7":"product_cat-earrings-up-to-5g-pl","8":"product_cat-earrings-with-diamonds-pl","9":"product_cat-earrings-with-stones-pl","10":"product_cat-studs-pl","11":"product_cat-with-cubic-zirkonia-pl","13":"first","14":"instock","15":"product-type-simple"},"acf":[],"_links":{"self":[{"href":"https:\/\/zl.jewelry\/pl\/wp-json\/wp\/v2\/product\/46743","targetHints":{"allow":["GET"]}}],"collection":[{"href":"https:\/\/zl.jewelry\/pl\/wp-json\/wp\/v2\/product"}],"about":[{"href":"https:\/\/zl.jewelry\/pl\/wp-json\/wp\/v2\/types\/product"}],"wp:featuredmedia":[{"embeddable":true,"href":"https:\/\/zl.jewelry\/pl\/wp-json\/wp\/v2\/media\/46744"}],"wp:attachment":[{"href":"https:\/\/zl.jewelry\/pl\/wp-json\/wp\/v2\/media?parent=46743"}],"wp:term":[{"taxonomy":"product_brand","embeddable":true,"href":"https:\/\/zl.jewelry\/pl\/wp-json\/wp\/v2\/product_brand?post=46743"},{"taxonomy":"product_cat","embeddable":true,"href":"https:\/\/zl.jewelry\/pl\/wp-json\/wp\/v2\/product_cat?post=46743"},{"taxonomy":"product_tag","embeddable":true,"href":"https:\/\/zl.jewelry\/pl\/wp-json\/wp\/v2\/product_tag?post=46743"}],"curies":[{"name":"wp","href":"https:\/\/api.w.org\/{rel}","templated":true}]}}