{"id":46737,"date":"2025-06-18T10:53:53","date_gmt":"2025-06-18T10:53:53","guid":{"rendered":"https:\/\/zl.jewelry\/product\/pendant-anchor\/"},"modified":"2025-09-26T18:25:03","modified_gmt":"2025-09-26T18:25:03","slug":"pendant-anchor","status":"publish","type":"product","link":"https:\/\/zl.jewelry\/pl\/product\/pendant-anchor\/","title":{"rendered":"Wisiorek &#8222;Anchor&#8221;"},"content":{"rendered":"<p>Wisiorek w kolorze cytrynowego i bia\u0142ego z\u0142ota pr&oacute;by 585*. Waga z\u0142ota w wisiorku od 4 gram&oacute;w. Kotwica z cytrynowego z\u0142ota, ster z bia\u0142ego z\u0142ota. He\u0142m wysadzany kamieniami o \u015brednicy oko\u0142o 1mm (6szt); 1,25mm. Wysoko\u015b\u0107 wisiorka bez ucha wynosi 25 mm. Pokr\u0119t\u0142o jest rodowane.<\/p>\n<p>_x000D_<\/p>\n","protected":false},"excerpt":{"rendered":"<p>Wisiorek w kolorze cytrynowego i bia\u0142ego z\u0142ota pr&oacute;by 585*. Waga z\u0142ota w wisiorku od 4 gram&oacute;w. Kotwica z cytrynowego z\u0142ota, ster z bia\u0142ego z\u0142ota. He\u0142m wysadzany kamieniami o \u015brednicy oko\u0142o 1mm (6szt); 1,25mm. Wysoko\u015b\u0107 wisiorka bez ucha wynosi 25 mm. Pokr\u0119t\u0142o jest rodowane. _x000D_<\/p>\n","protected":false},"featured_media":46738,"template":"","meta":{"_acf_changed":false},"product_brand":[],"product_cat":[552,554,563,566,567,570],"product_tag":[],"class_list":{"0":"post-46737","1":"product","2":"type-product","3":"status-publish","4":"has-post-thumbnail","6":"product_cat-jewelry-for-sailors-pl","7":"product_cat-pendants-pl","8":"product_cat-gold-pendants-pl","9":"product_cat-with-cubic-zirconia-2-pl","10":"product_cat-with-diamonds-2-pl","11":"product_cat-with-rocks-2-pl","13":"first","14":"instock","15":"product-type-simple"},"acf":[],"_links":{"self":[{"href":"https:\/\/zl.jewelry\/pl\/wp-json\/wp\/v2\/product\/46737","targetHints":{"allow":["GET"]}}],"collection":[{"href":"https:\/\/zl.jewelry\/pl\/wp-json\/wp\/v2\/product"}],"about":[{"href":"https:\/\/zl.jewelry\/pl\/wp-json\/wp\/v2\/types\/product"}],"wp:featuredmedia":[{"embeddable":true,"href":"https:\/\/zl.jewelry\/pl\/wp-json\/wp\/v2\/media\/46738"}],"wp:attachment":[{"href":"https:\/\/zl.jewelry\/pl\/wp-json\/wp\/v2\/media?parent=46737"}],"wp:term":[{"taxonomy":"product_brand","embeddable":true,"href":"https:\/\/zl.jewelry\/pl\/wp-json\/wp\/v2\/product_brand?post=46737"},{"taxonomy":"product_cat","embeddable":true,"href":"https:\/\/zl.jewelry\/pl\/wp-json\/wp\/v2\/product_cat?post=46737"},{"taxonomy":"product_tag","embeddable":true,"href":"https:\/\/zl.jewelry\/pl\/wp-json\/wp\/v2\/product_tag?post=46737"}],"curies":[{"name":"wp","href":"https:\/\/api.w.org\/{rel}","templated":true}]}}