{"id":46717,"date":"2025-06-18T10:53:53","date_gmt":"2025-06-18T10:53:53","guid":{"rendered":"https:\/\/zl.jewelry\/product\/earrings-star-valley\/"},"modified":"2025-09-26T18:25:01","modified_gmt":"2025-09-26T18:25:01","slug":"earrings-star-valley","status":"publish","type":"product","link":"https:\/\/zl.jewelry\/pl\/product\/earrings-star-valley\/","title":{"rendered":"Kolczyki &#8222;Star Valley&#8221;"},"content":{"rendered":"<p>Kolczyki Kongo z rozproszonymi kamieniami, z przodu i wewn\u0105trz. Kolczyki z bia\u0142ego z\u0142ota, rodowane. Waga z\u0142ota w parze wynosi 2,78 grama; Kamienie maj\u0105 \u015brednic\u0119 2,2 mm, dowolne kamienie mog\u0105 by\u0107 osadzone na \u017cyczenie klienta..<\/p>\n<p>_x000D_<\/p>\n","protected":false},"excerpt":{"rendered":"<p>Kolczyki Kongo z rozproszonymi kamieniami, z przodu i wewn\u0105trz. Kolczyki z bia\u0142ego z\u0142ota, rodowane. Waga z\u0142ota w parze wynosi 2,78 grama; Kamienie maj\u0105 \u015brednic\u0119 2,2 mm, dowolne kamienie mog\u0105 by\u0107 osadzone na \u017cyczenie klienta.. _x000D_<\/p>\n","protected":false},"featured_media":46718,"template":"","meta":{"_acf_changed":false},"product_brand":[],"product_cat":[538,540,545,546,548,550],"product_tag":[],"class_list":{"0":"post-46717","1":"product","2":"type-product","3":"status-publish","4":"has-post-thumbnail","6":"product_cat-gold-earrings-pl","7":"product_cat-congo-earrings-pl","8":"product_cat-earrings-up-to-5g-pl","9":"product_cat-earrings-with-diamonds-pl","10":"product_cat-earrings-with-stones-pl","11":"product_cat-with-cubic-zirkonia-pl","13":"first","14":"instock","15":"product-type-simple"},"acf":[],"_links":{"self":[{"href":"https:\/\/zl.jewelry\/pl\/wp-json\/wp\/v2\/product\/46717","targetHints":{"allow":["GET"]}}],"collection":[{"href":"https:\/\/zl.jewelry\/pl\/wp-json\/wp\/v2\/product"}],"about":[{"href":"https:\/\/zl.jewelry\/pl\/wp-json\/wp\/v2\/types\/product"}],"wp:featuredmedia":[{"embeddable":true,"href":"https:\/\/zl.jewelry\/pl\/wp-json\/wp\/v2\/media\/46718"}],"wp:attachment":[{"href":"https:\/\/zl.jewelry\/pl\/wp-json\/wp\/v2\/media?parent=46717"}],"wp:term":[{"taxonomy":"product_brand","embeddable":true,"href":"https:\/\/zl.jewelry\/pl\/wp-json\/wp\/v2\/product_brand?post=46717"},{"taxonomy":"product_cat","embeddable":true,"href":"https:\/\/zl.jewelry\/pl\/wp-json\/wp\/v2\/product_cat?post=46717"},{"taxonomy":"product_tag","embeddable":true,"href":"https:\/\/zl.jewelry\/pl\/wp-json\/wp\/v2\/product_tag?post=46717"}],"curies":[{"name":"wp","href":"https:\/\/api.w.org\/{rel}","templated":true}]}}