{"id":46713,"date":"2025-06-18T10:53:53","date_gmt":"2025-06-18T10:53:53","guid":{"rendered":"https:\/\/zl.jewelry\/product\/studs-shine\/"},"modified":"2025-09-26T18:25:01","modified_gmt":"2025-09-26T18:25:01","slug":"studs-shine","status":"publish","type":"product","link":"https:\/\/zl.jewelry\/pl\/product\/studs-shine\/","title":{"rendered":"Poussettes &#8222;Shine&#8221;"},"content":{"rendered":"<p>Kolczyki &#8211; poussettes, z bia\u0142ego z\u0142ota, o wadze 2 gram\u00f3w. \u015arednica kr\u0119tlik\u00f3w 6,50mm, grubo\u015b\u0107 2,10mm. Wstawki diamentowane (na \u017cyczenie klienta mo\u017cemy osadzi\u0107 dowolne kamienie), kamie\u0144 centralny, \u015brednica 3,00mm (2szt), kamienie boczne, \u015brednica 1,00mm (28szt). Kolczyki rodowane.<\/p>\n","protected":false},"excerpt":{"rendered":"<p>Kolczyki &#8211; poussettes, z bia\u0142ego z\u0142ota, o wadze 2 gram\u00f3w. \u015arednica kr\u0119tlik\u00f3w 6,50mm, grubo\u015b\u0107 2,10mm. Wstawki diamentowane (na \u017cyczenie klienta mo\u017cemy osadzi\u0107 dowolne kamienie), kamie\u0144 centralny, \u015brednica 3,00mm (2szt), kamienie boczne, \u015brednica 1,00mm (28szt). Kolczyki rodowane.<\/p>\n","protected":false},"featured_media":46714,"template":"","meta":{"_acf_changed":false},"product_brand":[],"product_cat":[546,545,548,549,550,538],"product_tag":[],"class_list":{"0":"post-46713","1":"product","2":"type-product","3":"status-publish","4":"has-post-thumbnail","6":"product_cat-earrings-with-diamonds-pl","7":"product_cat-earrings-up-to-5g-pl","8":"product_cat-earrings-with-stones-pl","9":"product_cat-studs-pl","10":"product_cat-with-cubic-zirkonia-pl","11":"product_cat-gold-earrings-pl","13":"first","14":"instock","15":"product-type-simple"},"acf":[],"_links":{"self":[{"href":"https:\/\/zl.jewelry\/pl\/wp-json\/wp\/v2\/product\/46713","targetHints":{"allow":["GET"]}}],"collection":[{"href":"https:\/\/zl.jewelry\/pl\/wp-json\/wp\/v2\/product"}],"about":[{"href":"https:\/\/zl.jewelry\/pl\/wp-json\/wp\/v2\/types\/product"}],"wp:featuredmedia":[{"embeddable":true,"href":"https:\/\/zl.jewelry\/pl\/wp-json\/wp\/v2\/media\/46714"}],"wp:attachment":[{"href":"https:\/\/zl.jewelry\/pl\/wp-json\/wp\/v2\/media?parent=46713"}],"wp:term":[{"taxonomy":"product_brand","embeddable":true,"href":"https:\/\/zl.jewelry\/pl\/wp-json\/wp\/v2\/product_brand?post=46713"},{"taxonomy":"product_cat","embeddable":true,"href":"https:\/\/zl.jewelry\/pl\/wp-json\/wp\/v2\/product_cat?post=46713"},{"taxonomy":"product_tag","embeddable":true,"href":"https:\/\/zl.jewelry\/pl\/wp-json\/wp\/v2\/product_tag?post=46713"}],"curies":[{"name":"wp","href":"https:\/\/api.w.org\/{rel}","templated":true}]}}