{"id":46707,"date":"2025-06-18T10:53:53","date_gmt":"2025-06-18T10:53:53","guid":{"rendered":"https:\/\/zl.jewelry\/product\/earrings-heavenly-mystery\/"},"modified":"2025-09-26T18:25:00","modified_gmt":"2025-09-26T18:25:00","slug":"earrings-heavenly-mystery","status":"publish","type":"product","link":"https:\/\/zl.jewelry\/pl\/product\/earrings-heavenly-mystery\/","title":{"rendered":"Kolczyki &#8222;Niebia\u0144ska Enigma&#8221;"},"content":{"rendered":"<p>Kolczyki &#8211; Kongo w kolorze czerwonego z\u0142ota, z rozproszonymi kamieniami. Kolczyki o \u015brednicy 40mm. Po \u0142ysej stronie placer kamieni o przybli\u017conej \u015brednicy 2,00mm (170szt). Waga z\u0142ota w kolczykach 10,51 grama.<\/p>\n","protected":false},"excerpt":{"rendered":"<p>Kolczyki &#8211; Kongo w kolorze czerwonego z\u0142ota, z rozproszonymi kamieniami. Kolczyki o \u015brednicy 40mm. Po \u0142ysej stronie placer kamieni o przybli\u017conej \u015brednicy 2,00mm (170szt). Waga z\u0142ota w kolczykach 10,51 grama.<\/p>\n","protected":false},"featured_media":46708,"template":"","meta":{"_acf_changed":false},"product_brand":[],"product_cat":[538,540,544,548,550],"product_tag":[],"class_list":{"0":"post-46707","1":"product","2":"type-product","3":"status-publish","4":"has-post-thumbnail","6":"product_cat-gold-earrings-pl","7":"product_cat-congo-earrings-pl","8":"product_cat-earrings-from-5gr-pl","9":"product_cat-earrings-with-stones-pl","10":"product_cat-with-cubic-zirkonia-pl","12":"first","13":"instock","14":"product-type-simple"},"acf":[],"_links":{"self":[{"href":"https:\/\/zl.jewelry\/pl\/wp-json\/wp\/v2\/product\/46707","targetHints":{"allow":["GET"]}}],"collection":[{"href":"https:\/\/zl.jewelry\/pl\/wp-json\/wp\/v2\/product"}],"about":[{"href":"https:\/\/zl.jewelry\/pl\/wp-json\/wp\/v2\/types\/product"}],"wp:featuredmedia":[{"embeddable":true,"href":"https:\/\/zl.jewelry\/pl\/wp-json\/wp\/v2\/media\/46708"}],"wp:attachment":[{"href":"https:\/\/zl.jewelry\/pl\/wp-json\/wp\/v2\/media?parent=46707"}],"wp:term":[{"taxonomy":"product_brand","embeddable":true,"href":"https:\/\/zl.jewelry\/pl\/wp-json\/wp\/v2\/product_brand?post=46707"},{"taxonomy":"product_cat","embeddable":true,"href":"https:\/\/zl.jewelry\/pl\/wp-json\/wp\/v2\/product_cat?post=46707"},{"taxonomy":"product_tag","embeddable":true,"href":"https:\/\/zl.jewelry\/pl\/wp-json\/wp\/v2\/product_tag?post=46707"}],"curies":[{"name":"wp","href":"https:\/\/api.w.org\/{rel}","templated":true}]}}